{"id":1200,"date":"2020-09-23T06:17:02","date_gmt":"2020-09-23T05:17:02","guid":{"rendered":"http:\/\/urbanplanty.com\/index.php\/pagamenti\/"},"modified":"2024-03-27T04:33:23","modified_gmt":"2024-03-27T03:33:23","slug":"pagamenti","status":"publish","type":"page","link":"https:\/\/urbanplanty.com\/it\/pagamenti\/","title":{"rendered":"Pagamenti"},"content":{"rendered":"\t\t<div data-elementor-type=\"wp-page\" data-elementor-id=\"1200\" class=\"elementor elementor-1200 elementor-271\" data-elementor-post-type=\"page\">\n\t\t\t\t\t\t<section class=\"elementor-section elementor-top-section elementor-element elementor-element-749f09a elementor-section-boxed elementor-section-height-default elementor-section-height-default\" data-id=\"749f09a\" data-element_type=\"section\" data-e-type=\"section\">\n\t\t\t\t\t\t<div class=\"elementor-container elementor-column-gap-default\">\n\t\t\t\t\t<div class=\"elementor-column elementor-col-100 elementor-top-column elementor-element elementor-element-c9b1548\" data-id=\"c9b1548\" data-element_type=\"column\" data-e-type=\"column\">\n\t\t\t<div class=\"elementor-widget-wrap elementor-element-populated\">\n\t\t\t\t\t\t<div class=\"elementor-element elementor-element-0281b82 elementor-widget elementor-widget-heading\" data-id=\"0281b82\" data-element_type=\"widget\" data-e-type=\"widget\" data-widget_type=\"heading.default\">\n\t\t\t\t<div class=\"elementor-widget-container\">\n\t\t\t\t\t<h2 class=\"elementor-heading-title elementor-size-default\">PAGAMENTI<\/h2>\t\t\t\t<\/div>\n\t\t\t\t<\/div>\n\t\t\t\t<div class=\"elementor-element elementor-element-01cd654 elementor-widget elementor-widget-heading\" data-id=\"01cd654\" data-element_type=\"widget\" data-e-type=\"widget\" data-widget_type=\"heading.default\">\n\t\t\t\t<div class=\"elementor-widget-container\">\n\t\t\t\t\t<h2 class=\"elementor-heading-title elementor-size-default\">Bonifico bancario<\/h2>\t\t\t\t<\/div>\n\t\t\t\t<\/div>\n\t\t\t\t<div class=\"elementor-element elementor-element-0d23fd3 elementor-widget elementor-widget-heading\" data-id=\"0d23fd3\" data-element_type=\"widget\" data-e-type=\"widget\" data-widget_type=\"heading.default\">\n\t\t\t\t<div class=\"elementor-widget-container\">\n\t\t\t\t\t<p class=\"elementor-heading-title elementor-size-default\">Se decidi di pagare tramite bonifico bancario, al momento dell\u2019ordine ti sar\u00e0 inviata una mail con le informazioni per effettuare il pagamento. Il tuo ordine sar\u00e0 inviato non appena riceveremo il pagamento.<\/p>\t\t\t\t<\/div>\n\t\t\t\t<\/div>\n\t\t\t\t<div class=\"elementor-element elementor-element-a55429d elementor-widget elementor-widget-heading\" data-id=\"a55429d\" data-element_type=\"widget\" data-e-type=\"widget\" data-widget_type=\"heading.default\">\n\t\t\t\t<div class=\"elementor-widget-container\">\n\t\t\t\t\t<h2 class=\"elementor-heading-title elementor-size-default\">Pagamento<\/h2>\t\t\t\t<\/div>\n\t\t\t\t<\/div>\n\t\t\t\t<div class=\"elementor-element elementor-element-fc73284 elementor-widget elementor-widget-heading\" data-id=\"fc73284\" data-element_type=\"widget\" data-e-type=\"widget\" data-widget_type=\"heading.default\">\n\t\t\t\t<div class=\"elementor-widget-container\">\n\t\t\t\t\t<p class=\"elementor-heading-title elementor-size-default\">Al momento dell'ordine, scegli \"Bonifico Bancario\". Dopo aver confermato l'ordine, ti verranno inviate ulteriori informazioni in merito al pagamento tramite e-mail.<br><br>Successivamente, trasferisci semplicemente la somma del tuo ordine sul nostro conto bancario. Assicurati che il pagamento non comporti \"alcun addebito per il destinatario\".<br><br>Ti consigliamo di annotare il numero dell'ordine e il nome con cui hai ordinato sul bonifico bancario (ad esempio Alessandro Forte 10300), per assicurarti che il pagamento venga riconosciuto tempestivamente.<br><br>Non appena il pagamento raggiunger\u00e0 il nostro conto bancario, potremo continuare a eseguire il tuo ordine. Tieni presente che, a causa di vari fattori, in alcuni casi potrebbero essere necessari fino a 4-5 giorni lavorativi prima di ricevere il pagamento.\n\n <\/p>\t\t\t\t<\/div>\n\t\t\t\t<\/div>\n\t\t\t\t<div class=\"elementor-element elementor-element-4096191 elementor-widget elementor-widget-heading\" data-id=\"4096191\" data-element_type=\"widget\" data-e-type=\"widget\" data-widget_type=\"heading.default\">\n\t\t\t\t<div class=\"elementor-widget-container\">\n\t\t\t\t\t<h2 class=\"elementor-heading-title elementor-size-default\">Coordinate bancarie<\/h2>\t\t\t\t<\/div>\n\t\t\t\t<\/div>\n\t\t\t\t<div class=\"elementor-element elementor-element-1ff4af6 elementor-widget elementor-widget-heading\" data-id=\"1ff4af6\" data-element_type=\"widget\" data-e-type=\"widget\" data-widget_type=\"heading.default\">\n\t\t\t\t<div class=\"elementor-widget-container\">\n\t\t\t\t\t<p class=\"elementor-heading-title elementor-size-default\">Non appena il pagamento raggiunger\u00e0 il nostro conto bancario, il tuo ordine verr\u00e0 elaborato ulteriormente.\nSi prega di indicare il numero dell'ordine e il nome con cui \u00e8 stato effettuato l'ordine (ad esempio Alessandro Forte 10300).<\/p>\t\t\t\t<\/div>\n\t\t\t\t<\/div>\n\t\t\t\t<div class=\"elementor-element elementor-element-6c90da8 elementor-widget elementor-widget-heading\" data-id=\"6c90da8\" data-element_type=\"widget\" data-e-type=\"widget\" data-widget_type=\"heading.default\">\n\t\t\t\t<div class=\"elementor-widget-container\">\n\t\t\t\t\t<p class=\"elementor-heading-title elementor-size-default\"><b>Bank<\/b>: UniCredit Banka Slovenija d.d., \u0160martinska 140, 1000 Ljubljana, Slovenia<\/p>\t\t\t\t<\/div>\n\t\t\t\t<\/div>\n\t\t\t\t<div class=\"elementor-element elementor-element-cfc344f elementor-widget elementor-widget-heading\" data-id=\"cfc344f\" data-element_type=\"widget\" data-e-type=\"widget\" data-widget_type=\"heading.default\">\n\t\t\t\t<div class=\"elementor-widget-container\">\n\t\t\t\t\t<p class=\"elementor-heading-title elementor-size-default\"><b>IBAN<\/b>: SI56 2900 0005 1517 333<\/p>\t\t\t\t<\/div>\n\t\t\t\t<\/div>\n\t\t\t\t<div class=\"elementor-element elementor-element-b4d595d elementor-widget elementor-widget-heading\" data-id=\"b4d595d\" data-element_type=\"widget\" data-e-type=\"widget\" data-widget_type=\"heading.default\">\n\t\t\t\t<div class=\"elementor-widget-container\">\n\t\t\t\t\t<p class=\"elementor-heading-title elementor-size-default\"><b>BIC (Bank Identifier Code)<\/b>: BACXSI22<\/p>\t\t\t\t<\/div>\n\t\t\t\t<\/div>\n\t\t\t\t<div class=\"elementor-element elementor-element-8bd51dd elementor-widget elementor-widget-heading\" data-id=\"8bd51dd\" data-element_type=\"widget\" data-e-type=\"widget\" data-widget_type=\"heading.default\">\n\t\t\t\t<div class=\"elementor-widget-container\">\n\t\t\t\t\t<p class=\"elementor-heading-title elementor-size-default\"><b>Beneficiario del pagamento:<\/b> Urban Planty d.o.o., Kojsko 4, 5211 Kojsko, Slovenia (UE)<\/p>\t\t\t\t<\/div>\n\t\t\t\t<\/div>\n\t\t\t\t<div class=\"elementor-element elementor-element-b5c7d9c elementor-widget elementor-widget-heading\" data-id=\"b5c7d9c\" data-element_type=\"widget\" data-e-type=\"widget\" data-widget_type=\"heading.default\">\n\t\t\t\t<div class=\"elementor-widget-container\">\n\t\t\t\t\t<h2 class=\"elementor-heading-title elementor-size-default\">Pagamento alla consegna<\/h2>\t\t\t\t<\/div>\n\t\t\t\t<\/div>\n\t\t\t\t<div class=\"elementor-element elementor-element-425ab8f elementor-widget elementor-widget-heading\" data-id=\"425ab8f\" data-element_type=\"widget\" data-e-type=\"widget\" data-widget_type=\"heading.default\">\n\t\t\t\t<div class=\"elementor-widget-container\">\n\t\t\t\t\t<p class=\"elementor-heading-title elementor-size-default\">In caso di pagamento alla consegna, ci sar\u00e0 un addebito aggiuntivo rispetto alle spese di consegna a causa dell'opzione \"pagamento alla consegna\". Il costo del \"pagamento alla consegna\" e la consegna stessa sono sempre estranei al prezzo del tuo ordine. Qui puoi trovare tutti i dettagli sui costi.<br><br>Il corriere ti addebiter\u00e0 il prezzo dell'ordine al momento della consegna a domicilio. Ci\u00f2 significa che puoi praticamente pagare il tuo ordine a casa tua.<br><br>Nota quanto segue:<br><br>\u2022 Qualcuno deve essere presente all'indirizzo di consegna per ricevere e pagare il pacco. Puoi anche nominare un indirizzo alternativo (ad esempio il tuo posto di lavoro, il tuo vicino, ecc.).<br><br>\u2022 Pagamenti in contrassegno non possono essere spediti con corriere espresso.<\/p>\t\t\t\t<\/div>\n\t\t\t\t<\/div>\n\t\t\t\t<div class=\"elementor-element elementor-element-a7173ae elementor-widget elementor-widget-heading\" data-id=\"a7173ae\" data-element_type=\"widget\" data-e-type=\"widget\" data-widget_type=\"heading.default\">\n\t\t\t\t<div class=\"elementor-widget-container\">\n\t\t\t\t\t<h2 class=\"elementor-heading-title elementor-size-default\">Paypal<\/h2>\t\t\t\t<\/div>\n\t\t\t\t<\/div>\n\t\t\t\t<div class=\"elementor-element elementor-element-98b6d4d elementor-widget elementor-widget-heading\" data-id=\"98b6d4d\" data-element_type=\"widget\" data-e-type=\"widget\" data-widget_type=\"heading.default\">\n\t\t\t\t<div class=\"elementor-widget-container\">\n\t\t\t\t\t<p class=\"elementor-heading-title elementor-size-default\">PayPal \u00e8 un servizio di pagamento online con il quale puoi trasferire denaro in modo semplice, sicuro e veloce. Tutto ci\u00f2 di cui hai bisogno \u00e8 un conto PayPal, che funziona come un conto bancario online. La registrazione a PayPal \u00e8 gratuita! Devi semplicemente salvare i dati del tuo account una volta e puoi quindi fare acquisti in sicurezza in qualsiasi negozio online partecipante senza dover reinserire i dettagli del tuo account ogni volta.<br><br>Se desideri pagare con PayPal, scegli l'opzione di pagamento \"PayPal\" durante un ordine. Dopo aver confermato l'ordine sarai prontamente guidato attraverso il processo di pagamento senza dover inserire ulteriori informazioni. Non appena avrai completato con successo questo processo, il tuo ordine continuer\u00e0 ad essere elaborato. <br><br>Se non hai completato il pagamento durante la creazione del tuo ordine online, puoi farlo in qualsiasi momento successivo. Per fare questo, vai su \"Il mio account\", poi \"Ordini\" e quindi fai clic su \"Non ancora pagato - Paga ora\". Il tuo ordine verr\u00e0 elaborato non appena avrai completato il pagamento.<br><br>Il pagamento con PayPal \u00e8 possibile anche per telefono o e-mail. Ti verr\u00e0 quindi inviato un link attraverso il quale potrai effettuare il pagamento tramite PayPal.<\/p>\t\t\t\t<\/div>\n\t\t\t\t<\/div>\n\t\t\t\t<div class=\"elementor-element elementor-element-e4bbb9d elementor-widget elementor-widget-heading\" data-id=\"e4bbb9d\" data-element_type=\"widget\" data-e-type=\"widget\" data-widget_type=\"heading.default\">\n\t\t\t\t<div class=\"elementor-widget-container\">\n\t\t\t\t\t<h2 class=\"elementor-heading-title elementor-size-default\">Braintree - Carte di credito<\/h2>\t\t\t\t<\/div>\n\t\t\t\t<\/div>\n\t\t\t\t<div class=\"elementor-element elementor-element-7367744 elementor-widget elementor-widget-heading\" data-id=\"7367744\" data-element_type=\"widget\" data-e-type=\"widget\" data-widget_type=\"heading.default\">\n\t\t\t\t<div class=\"elementor-widget-container\">\n\t\t\t\t\t<p class=\"elementor-heading-title elementor-size-default\">Accettiamo le seguenti carte di credito: Visa, MasterCard, Diners e American Express.<br><br>Scegli l'opzione di pagamento \"carta di credito\" durante il processo di ordinazione. Dopo aver verificato l'ordine verrai indirizzato ad una pagina dove potrai inserire i dati della tua carta di credito. Ti consigliamo di tenere a portata di mano i dati della tua carta (nome del titolare della carta, numero della carta, data di validit\u00e0 e codice di sicurezza). Non appena avrai inserito completamente questi dati, il tuo ordine continuer\u00e0 ad essere elaborato.<\/p>\t\t\t\t<\/div>\n\t\t\t\t<\/div>\n\t\t\t\t\t<\/div>\n\t\t<\/div>\n\t\t\t\t\t<\/div>\n\t\t<\/section>\n\t\t\t\t<\/div>\n\t\t","protected":false},"excerpt":{"rendered":"<p>PAGAMENTI Bonifico bancario Se decidi di pagare tramite bonifico bancario, al momento dell\u2019ordine ti sar\u00e0 inviata una mail con le informazioni per effettuare il pagamento. Il tuo ordine sar\u00e0 inviato non appena riceveremo il pagamento. Pagamento Al momento dell&#8217;ordine, scegli &#8220;Bonifico Bancario&#8221;. Dopo aver confermato l&#8217;ordine, ti verranno inviate ulteriori informazioni in merito al pagamento<\/p>\n","protected":false},"author":1,"featured_media":0,"parent":0,"menu_order":0,"comment_status":"closed","ping_status":"closed","template":"elementor_header_footer","meta":{"footnotes":""},"class_list":["post-1200","page","type-page","status-publish","hentry"],"yoast_head":"<!-- This site is optimized with the Yoast SEO plugin v27.0 - https:\/\/yoast.com\/product\/yoast-seo-wordpress\/ -->\n<title>Pagamenti | Best Vertical Garden Idea For A Tiny Space.<\/title>\n<meta name=\"robots\" content=\"index, follow, max-snippet:-1, max-image-preview:large, max-video-preview:-1\" \/>\n<link rel=\"canonical\" href=\"https:\/\/urbanplanty.com\/it\/pagamenti\/\" \/>\n<meta property=\"og:locale\" content=\"it_IT\" \/>\n<meta property=\"og:type\" content=\"article\" \/>\n<meta property=\"og:title\" content=\"Pagamenti | Best Vertical Garden Idea For A Tiny Space.\" \/>\n<meta property=\"og:description\" content=\"PAGAMENTI Bonifico bancario Se decidi di pagare tramite bonifico bancario, al momento dell\u2019ordine ti sar\u00e0 inviata una mail con le informazioni per effettuare il pagamento. Il tuo ordine sar\u00e0 inviato non appena riceveremo il pagamento. Pagamento Al momento dell&#8217;ordine, scegli &#8220;Bonifico Bancario&#8221;. Dopo aver confermato l&#8217;ordine, ti verranno inviate ulteriori informazioni in merito al pagamento\" \/>\n<meta property=\"og:url\" content=\"https:\/\/urbanplanty.com\/it\/pagamenti\/\" \/>\n<meta property=\"og:site_name\" content=\"Urban Planty\" \/>\n<meta property=\"article:publisher\" content=\"https:\/\/www.facebook.com\/urbanplanty\" \/>\n<meta property=\"article:modified_time\" content=\"2024-03-27T03:33:23+00:00\" \/>\n<meta property=\"og:image\" content=\"https:\/\/urbanplanty.com\/wp-content\/uploads\/2024\/03\/Urban-Planty-Site-Image.png\" \/>\n\t<meta property=\"og:image:width\" content=\"1200\" \/>\n\t<meta property=\"og:image:height\" content=\"675\" \/>\n\t<meta property=\"og:image:type\" content=\"image\/png\" \/>\n<meta name=\"twitter:card\" content=\"summary_large_image\" \/>\n<meta name=\"twitter:label1\" content=\"Tempo di lettura stimato\" \/>\n\t<meta name=\"twitter:data1\" content=\"3 minuti\" \/>\n<script type=\"application\/ld+json\" class=\"yoast-schema-graph\">{\"@context\":\"https:\/\/schema.org\",\"@graph\":[{\"@type\":\"WebPage\",\"@id\":\"https:\/\/urbanplanty.com\/it\/pagamenti\/\",\"url\":\"https:\/\/urbanplanty.com\/it\/pagamenti\/\",\"name\":\"Pagamenti | Best Vertical Garden Idea For A Tiny Space.\",\"isPartOf\":{\"@id\":\"https:\/\/urbanplanty.com\/#website\"},\"datePublished\":\"2020-09-23T05:17:02+00:00\",\"dateModified\":\"2024-03-27T03:33:23+00:00\",\"breadcrumb\":{\"@id\":\"https:\/\/urbanplanty.com\/it\/pagamenti\/#breadcrumb\"},\"inLanguage\":\"it-IT\",\"potentialAction\":[{\"@type\":\"ReadAction\",\"target\":[\"https:\/\/urbanplanty.com\/it\/pagamenti\/\"]}]},{\"@type\":\"BreadcrumbList\",\"@id\":\"https:\/\/urbanplanty.com\/it\/pagamenti\/#breadcrumb\",\"itemListElement\":[{\"@type\":\"ListItem\",\"position\":1,\"name\":\"Home\",\"item\":\"https:\/\/urbanplanty.com\/it\/urban-planty-home\/\"},{\"@type\":\"ListItem\",\"position\":2,\"name\":\"Pagamenti\"}]},{\"@type\":\"WebSite\",\"@id\":\"https:\/\/urbanplanty.com\/#website\",\"url\":\"https:\/\/urbanplanty.com\/\",\"name\":\"Urban Planty\",\"description\":\"Best Vertical Garden Idea For A Tiny Space.\",\"publisher\":{\"@id\":\"https:\/\/urbanplanty.com\/#organization\"},\"potentialAction\":[{\"@type\":\"SearchAction\",\"target\":{\"@type\":\"EntryPoint\",\"urlTemplate\":\"https:\/\/urbanplanty.com\/?s={search_term_string}\"},\"query-input\":{\"@type\":\"PropertyValueSpecification\",\"valueRequired\":true,\"valueName\":\"search_term_string\"}}],\"inLanguage\":\"it-IT\"},{\"@type\":\"Organization\",\"@id\":\"https:\/\/urbanplanty.com\/#organization\",\"name\":\"Urban Planty d.o.o.\",\"alternateName\":\"Urban Planty\",\"url\":\"https:\/\/urbanplanty.com\/\",\"logo\":{\"@type\":\"ImageObject\",\"inLanguage\":\"it-IT\",\"@id\":\"https:\/\/urbanplanty.com\/#\/schema\/logo\/image\/\",\"url\":\"https:\/\/urbanplanty.com\/wp-content\/uploads\/2020\/11\/cropped-UP_favicon.jpg\",\"contentUrl\":\"https:\/\/urbanplanty.com\/wp-content\/uploads\/2020\/11\/cropped-UP_favicon.jpg\",\"width\":512,\"height\":512,\"caption\":\"Urban Planty d.o.o.\"},\"image\":{\"@id\":\"https:\/\/urbanplanty.com\/#\/schema\/logo\/image\/\"},\"sameAs\":[\"https:\/\/www.facebook.com\/urbanplanty\",\"https:\/\/www.instagram.com\/urbanplanty\/\",\"https:\/\/www.youtube.com\/@urbanplanty3786\"]}]}<\/script>\n<!-- \/ Yoast SEO plugin. -->","yoast_head_json":{"title":"Pagamenti | Best Vertical Garden Idea For A Tiny Space.","robots":{"index":"index","follow":"follow","max-snippet":"max-snippet:-1","max-image-preview":"max-image-preview:large","max-video-preview":"max-video-preview:-1"},"canonical":"https:\/\/urbanplanty.com\/it\/pagamenti\/","og_locale":"it_IT","og_type":"article","og_title":"Pagamenti | Best Vertical Garden Idea For A Tiny Space.","og_description":"PAGAMENTI Bonifico bancario Se decidi di pagare tramite bonifico bancario, al momento dell\u2019ordine ti sar\u00e0 inviata una mail con le informazioni per effettuare il pagamento. Il tuo ordine sar\u00e0 inviato non appena riceveremo il pagamento. Pagamento Al momento dell&#8217;ordine, scegli &#8220;Bonifico Bancario&#8221;. Dopo aver confermato l&#8217;ordine, ti verranno inviate ulteriori informazioni in merito al pagamento","og_url":"https:\/\/urbanplanty.com\/it\/pagamenti\/","og_site_name":"Urban Planty","article_publisher":"https:\/\/www.facebook.com\/urbanplanty","article_modified_time":"2024-03-27T03:33:23+00:00","og_image":[{"width":1200,"height":675,"url":"https:\/\/urbanplanty.com\/wp-content\/uploads\/2024\/03\/Urban-Planty-Site-Image.png","type":"image\/png"}],"twitter_card":"summary_large_image","twitter_misc":{"Tempo di lettura stimato":"3 minuti"},"schema":{"@context":"https:\/\/schema.org","@graph":[{"@type":"WebPage","@id":"https:\/\/urbanplanty.com\/it\/pagamenti\/","url":"https:\/\/urbanplanty.com\/it\/pagamenti\/","name":"Pagamenti | Best Vertical Garden Idea For A Tiny Space.","isPartOf":{"@id":"https:\/\/urbanplanty.com\/#website"},"datePublished":"2020-09-23T05:17:02+00:00","dateModified":"2024-03-27T03:33:23+00:00","breadcrumb":{"@id":"https:\/\/urbanplanty.com\/it\/pagamenti\/#breadcrumb"},"inLanguage":"it-IT","potentialAction":[{"@type":"ReadAction","target":["https:\/\/urbanplanty.com\/it\/pagamenti\/"]}]},{"@type":"BreadcrumbList","@id":"https:\/\/urbanplanty.com\/it\/pagamenti\/#breadcrumb","itemListElement":[{"@type":"ListItem","position":1,"name":"Home","item":"https:\/\/urbanplanty.com\/it\/urban-planty-home\/"},{"@type":"ListItem","position":2,"name":"Pagamenti"}]},{"@type":"WebSite","@id":"https:\/\/urbanplanty.com\/#website","url":"https:\/\/urbanplanty.com\/","name":"Urban Planty","description":"Best Vertical Garden Idea For A Tiny Space.","publisher":{"@id":"https:\/\/urbanplanty.com\/#organization"},"potentialAction":[{"@type":"SearchAction","target":{"@type":"EntryPoint","urlTemplate":"https:\/\/urbanplanty.com\/?s={search_term_string}"},"query-input":{"@type":"PropertyValueSpecification","valueRequired":true,"valueName":"search_term_string"}}],"inLanguage":"it-IT"},{"@type":"Organization","@id":"https:\/\/urbanplanty.com\/#organization","name":"Urban Planty d.o.o.","alternateName":"Urban Planty","url":"https:\/\/urbanplanty.com\/","logo":{"@type":"ImageObject","inLanguage":"it-IT","@id":"https:\/\/urbanplanty.com\/#\/schema\/logo\/image\/","url":"https:\/\/urbanplanty.com\/wp-content\/uploads\/2020\/11\/cropped-UP_favicon.jpg","contentUrl":"https:\/\/urbanplanty.com\/wp-content\/uploads\/2020\/11\/cropped-UP_favicon.jpg","width":512,"height":512,"caption":"Urban Planty d.o.o."},"image":{"@id":"https:\/\/urbanplanty.com\/#\/schema\/logo\/image\/"},"sameAs":["https:\/\/www.facebook.com\/urbanplanty","https:\/\/www.instagram.com\/urbanplanty\/","https:\/\/www.youtube.com\/@urbanplanty3786"]}]}},"_links":{"self":[{"href":"https:\/\/urbanplanty.com\/it\/wp-json\/wp\/v2\/pages\/1200","targetHints":{"allow":["GET"]}}],"collection":[{"href":"https:\/\/urbanplanty.com\/it\/wp-json\/wp\/v2\/pages"}],"about":[{"href":"https:\/\/urbanplanty.com\/it\/wp-json\/wp\/v2\/types\/page"}],"author":[{"embeddable":true,"href":"https:\/\/urbanplanty.com\/it\/wp-json\/wp\/v2\/users\/1"}],"replies":[{"embeddable":true,"href":"https:\/\/urbanplanty.com\/it\/wp-json\/wp\/v2\/comments?post=1200"}],"version-history":[{"count":2,"href":"https:\/\/urbanplanty.com\/it\/wp-json\/wp\/v2\/pages\/1200\/revisions"}],"predecessor-version":[{"id":5735,"href":"https:\/\/urbanplanty.com\/it\/wp-json\/wp\/v2\/pages\/1200\/revisions\/5735"}],"wp:attachment":[{"href":"https:\/\/urbanplanty.com\/it\/wp-json\/wp\/v2\/media?parent=1200"}],"curies":[{"name":"wp","href":"https:\/\/api.w.org\/{rel}","templated":true}]}}