{"id":1108,"date":"2020-09-16T07:45:52","date_gmt":"2020-09-16T06:45:53","guid":{"rendered":"http:\/\/localhost\/wordpress%20urban%20planty\/?post_type=product&#038;p=1108"},"modified":"2021-03-05T09:34:04","modified_gmt":"2021-03-05T08:34:04","slug":"fibre-di-cocco-9x","status":"publish","type":"product","link":"https:\/\/urbanplanty.com\/it\/product\/fibre-di-cocco-9x\/","title":{"rendered":"Fibre di cocco | 9x"},"content":{"rendered":"<p>La fibra di cocco ha un&#8217;eccellente capacit\u00e0 di trattenere l&#8217;acqua, favorendo al tempo stesso un buon drenaggio e una buona aerazione. D\u00e0 cos\u00ec pi\u00f9 umidit\u00e0 al terreno come se fosse regolarmente innaffiato. La capacit\u00e0 di potatura ad aria fa s\u00ec che le radici pi\u00f9 sane siano in grado di fornire pi\u00f9 nutrienti alla pianta. Quando le radici della pianta raggiungono il bordo del vaso, le punte delle radici vengono intrappolate dalla fibra porosa. Quando queste radici incontrano l&#8217;aria, vengono potate naturalmente. Questo processo di potatura forza la ramificazione laterale delle radici e aumenta la massa complessiva delle radici in tutto il substrato. La fibra di cocco permette all&#8217;aria di penetrare i lati del contenitore, mantenendolo fresco quando esposto al sole diretto nelle calde giornate estive attraverso il processo di raffreddamento evaporativo.<\/p>\n<p>&nbsp;<\/p>\n","protected":false},"excerpt":{"rendered":"<p>La fibra di cocco ha un&#8217;eccellente capacit\u00e0 di trattenere l&#8217;acqua, favorendo al tempo stesso un buon drenaggio e una buona aerazione. D\u00e0 cos\u00ec pi\u00f9 umidit\u00e0 al terreno come se fosse regolarmente innaffiato. La capacit\u00e0 di potatura ad aria fa s\u00ec che le radici pi\u00f9 sane siano in grado di fornire pi\u00f9 nutrienti alla pianta. Quando<\/p>\n","protected":false},"featured_media":1363,"template":"","meta":[],"product_brand":[],"product_cat":[85],"product_tag":[53,55,54,56,57],"class_list":{"0":"post-1108","1":"product","2":"type-product","3":"status-publish","4":"has-post-thumbnail","6":"product_cat-pezzi-di-ricambio","7":"product_tag-cocco","8":"product_tag-giardinaggio-urbano","9":"product_tag-vaso","10":"product_tag-vaso-di-erbe","11":"product_tag-vaso-di-fiori","12":"product_shipping_class-leggero","14":"first","15":"instock","16":"taxable","17":"shipping-taxable","18":"purchasable","19":"product-type-simple"},"yoast_head":"<!-- This site is optimized with the Yoast SEO plugin v27.0 - https:\/\/yoast.com\/product\/yoast-seo-wordpress\/ -->\n<title>Fibre di cocco | 9x | Urban Planty<\/title>\n<meta name=\"robots\" content=\"index, follow, max-snippet:-1, max-image-preview:large, max-video-preview:-1\" \/>\n<link rel=\"canonical\" href=\"https:\/\/urbanplanty.com\/it\/product\/fibre-di-cocco-9x\/\" \/>\n<meta property=\"og:locale\" content=\"it_IT\" \/>\n<meta property=\"og:type\" content=\"article\" \/>\n<meta property=\"og:title\" content=\"Fibre di cocco | 9x | Urban Planty\" \/>\n<meta property=\"og:description\" content=\"La fibra di cocco ha un&#8217;eccellente capacit\u00e0 di trattenere l&#8217;acqua, favorendo al tempo stesso un buon drenaggio e una buona aerazione. D\u00e0 cos\u00ec pi\u00f9 umidit\u00e0 al terreno come se fosse regolarmente innaffiato. La capacit\u00e0 di potatura ad aria fa s\u00ec che le radici pi\u00f9 sane siano in grado di fornire pi\u00f9 nutrienti alla pianta. Quando\" \/>\n<meta property=\"og:url\" content=\"https:\/\/urbanplanty.com\/it\/product\/fibre-di-cocco-9x\/\" \/>\n<meta property=\"og:site_name\" content=\"Urban Planty\" \/>\n<meta property=\"article:publisher\" content=\"https:\/\/www.facebook.com\/urbanplanty\" \/>\n<meta property=\"article:modified_time\" content=\"2021-03-05T08:34:04+00:00\" \/>\n<meta property=\"og:image\" content=\"https:\/\/urbanplanty.com\/wp-content\/uploads\/2020\/09\/Product_400x400_Coconut_Pots_Template_0002_Product_400x400_Urban_Planty_Coconut_fibre_9x.jpg\" \/>\n\t<meta property=\"og:image:width\" content=\"400\" \/>\n\t<meta property=\"og:image:height\" content=\"400\" \/>\n\t<meta property=\"og:image:type\" content=\"image\/jpeg\" \/>\n<meta name=\"twitter:card\" content=\"summary_large_image\" \/>\n<meta name=\"twitter:label1\" content=\"Tempo di lettura stimato\" \/>\n\t<meta name=\"twitter:data1\" content=\"1 minuto\" \/>\n<script type=\"application\/ld+json\" class=\"yoast-schema-graph\">{\"@context\":\"https:\/\/schema.org\",\"@graph\":[{\"@type\":\"WebPage\",\"@id\":\"https:\/\/urbanplanty.com\/it\/product\/fibre-di-cocco-9x\/\",\"url\":\"https:\/\/urbanplanty.com\/it\/product\/fibre-di-cocco-9x\/\",\"name\":\"Fibre di cocco | 9x | Urban Planty\",\"isPartOf\":{\"@id\":\"https:\/\/urbanplanty.com\/#website\"},\"primaryImageOfPage\":{\"@id\":\"https:\/\/urbanplanty.com\/it\/product\/fibre-di-cocco-9x\/#primaryimage\"},\"image\":{\"@id\":\"https:\/\/urbanplanty.com\/it\/product\/fibre-di-cocco-9x\/#primaryimage\"},\"thumbnailUrl\":\"https:\/\/urbanplanty.com\/wp-content\/uploads\/2020\/09\/Product_400x400_Coconut_Pots_Template_0002_Product_400x400_Urban_Planty_Coconut_fibre_9x.jpg\",\"datePublished\":\"2020-09-16T06:45:53+00:00\",\"dateModified\":\"2021-03-05T08:34:04+00:00\",\"breadcrumb\":{\"@id\":\"https:\/\/urbanplanty.com\/it\/product\/fibre-di-cocco-9x\/#breadcrumb\"},\"inLanguage\":\"it-IT\",\"potentialAction\":[{\"@type\":\"ReadAction\",\"target\":[\"https:\/\/urbanplanty.com\/it\/product\/fibre-di-cocco-9x\/\"]}]},{\"@type\":\"ImageObject\",\"inLanguage\":\"it-IT\",\"@id\":\"https:\/\/urbanplanty.com\/it\/product\/fibre-di-cocco-9x\/#primaryimage\",\"url\":\"https:\/\/urbanplanty.com\/wp-content\/uploads\/2020\/09\/Product_400x400_Coconut_Pots_Template_0002_Product_400x400_Urban_Planty_Coconut_fibre_9x.jpg\",\"contentUrl\":\"https:\/\/urbanplanty.com\/wp-content\/uploads\/2020\/09\/Product_400x400_Coconut_Pots_Template_0002_Product_400x400_Urban_Planty_Coconut_fibre_9x.jpg\",\"width\":400,\"height\":400},{\"@type\":\"BreadcrumbList\",\"@id\":\"https:\/\/urbanplanty.com\/it\/product\/fibre-di-cocco-9x\/#breadcrumb\",\"itemListElement\":[{\"@type\":\"ListItem\",\"position\":1,\"name\":\"Home\",\"item\":\"https:\/\/urbanplanty.com\/it\/urban-planty-home\/\"},{\"@type\":\"ListItem\",\"position\":2,\"name\":\"Negozio\",\"item\":\"https:\/\/urbanplanty.com\/it\/negozio\/\"},{\"@type\":\"ListItem\",\"position\":3,\"name\":\"Fibre di cocco | 9x\"}]},{\"@type\":\"WebSite\",\"@id\":\"https:\/\/urbanplanty.com\/#website\",\"url\":\"https:\/\/urbanplanty.com\/\",\"name\":\"Urban Planty\",\"description\":\"Best Vertical Garden Idea For A Tiny Space.\",\"publisher\":{\"@id\":\"https:\/\/urbanplanty.com\/#organization\"},\"potentialAction\":[{\"@type\":\"SearchAction\",\"target\":{\"@type\":\"EntryPoint\",\"urlTemplate\":\"https:\/\/urbanplanty.com\/?s={search_term_string}\"},\"query-input\":{\"@type\":\"PropertyValueSpecification\",\"valueRequired\":true,\"valueName\":\"search_term_string\"}}],\"inLanguage\":\"it-IT\"},{\"@type\":\"Organization\",\"@id\":\"https:\/\/urbanplanty.com\/#organization\",\"name\":\"Urban Planty d.o.o.\",\"alternateName\":\"Urban Planty\",\"url\":\"https:\/\/urbanplanty.com\/\",\"logo\":{\"@type\":\"ImageObject\",\"inLanguage\":\"it-IT\",\"@id\":\"https:\/\/urbanplanty.com\/#\/schema\/logo\/image\/\",\"url\":\"https:\/\/urbanplanty.com\/wp-content\/uploads\/2020\/11\/cropped-UP_favicon.jpg\",\"contentUrl\":\"https:\/\/urbanplanty.com\/wp-content\/uploads\/2020\/11\/cropped-UP_favicon.jpg\",\"width\":512,\"height\":512,\"caption\":\"Urban Planty d.o.o.\"},\"image\":{\"@id\":\"https:\/\/urbanplanty.com\/#\/schema\/logo\/image\/\"},\"sameAs\":[\"https:\/\/www.facebook.com\/urbanplanty\",\"https:\/\/www.instagram.com\/urbanplanty\/\",\"https:\/\/www.youtube.com\/@urbanplanty3786\"]}]}<\/script>\n<!-- \/ Yoast SEO plugin. -->","yoast_head_json":{"title":"Fibre di cocco | 9x | Urban Planty","robots":{"index":"index","follow":"follow","max-snippet":"max-snippet:-1","max-image-preview":"max-image-preview:large","max-video-preview":"max-video-preview:-1"},"canonical":"https:\/\/urbanplanty.com\/it\/product\/fibre-di-cocco-9x\/","og_locale":"it_IT","og_type":"article","og_title":"Fibre di cocco | 9x | Urban Planty","og_description":"La fibra di cocco ha un&#8217;eccellente capacit\u00e0 di trattenere l&#8217;acqua, favorendo al tempo stesso un buon drenaggio e una buona aerazione. D\u00e0 cos\u00ec pi\u00f9 umidit\u00e0 al terreno come se fosse regolarmente innaffiato. La capacit\u00e0 di potatura ad aria fa s\u00ec che le radici pi\u00f9 sane siano in grado di fornire pi\u00f9 nutrienti alla pianta. Quando","og_url":"https:\/\/urbanplanty.com\/it\/product\/fibre-di-cocco-9x\/","og_site_name":"Urban Planty","article_publisher":"https:\/\/www.facebook.com\/urbanplanty","article_modified_time":"2021-03-05T08:34:04+00:00","og_image":[{"width":400,"height":400,"url":"https:\/\/urbanplanty.com\/wp-content\/uploads\/2020\/09\/Product_400x400_Coconut_Pots_Template_0002_Product_400x400_Urban_Planty_Coconut_fibre_9x.jpg","type":"image\/jpeg"}],"twitter_card":"summary_large_image","twitter_misc":{"Tempo di lettura stimato":"1 minuto"},"schema":{"@context":"https:\/\/schema.org","@graph":[{"@type":"WebPage","@id":"https:\/\/urbanplanty.com\/it\/product\/fibre-di-cocco-9x\/","url":"https:\/\/urbanplanty.com\/it\/product\/fibre-di-cocco-9x\/","name":"Fibre di cocco | 9x | Urban Planty","isPartOf":{"@id":"https:\/\/urbanplanty.com\/#website"},"primaryImageOfPage":{"@id":"https:\/\/urbanplanty.com\/it\/product\/fibre-di-cocco-9x\/#primaryimage"},"image":{"@id":"https:\/\/urbanplanty.com\/it\/product\/fibre-di-cocco-9x\/#primaryimage"},"thumbnailUrl":"https:\/\/urbanplanty.com\/wp-content\/uploads\/2020\/09\/Product_400x400_Coconut_Pots_Template_0002_Product_400x400_Urban_Planty_Coconut_fibre_9x.jpg","datePublished":"2020-09-16T06:45:53+00:00","dateModified":"2021-03-05T08:34:04+00:00","breadcrumb":{"@id":"https:\/\/urbanplanty.com\/it\/product\/fibre-di-cocco-9x\/#breadcrumb"},"inLanguage":"it-IT","potentialAction":[{"@type":"ReadAction","target":["https:\/\/urbanplanty.com\/it\/product\/fibre-di-cocco-9x\/"]}]},{"@type":"ImageObject","inLanguage":"it-IT","@id":"https:\/\/urbanplanty.com\/it\/product\/fibre-di-cocco-9x\/#primaryimage","url":"https:\/\/urbanplanty.com\/wp-content\/uploads\/2020\/09\/Product_400x400_Coconut_Pots_Template_0002_Product_400x400_Urban_Planty_Coconut_fibre_9x.jpg","contentUrl":"https:\/\/urbanplanty.com\/wp-content\/uploads\/2020\/09\/Product_400x400_Coconut_Pots_Template_0002_Product_400x400_Urban_Planty_Coconut_fibre_9x.jpg","width":400,"height":400},{"@type":"BreadcrumbList","@id":"https:\/\/urbanplanty.com\/it\/product\/fibre-di-cocco-9x\/#breadcrumb","itemListElement":[{"@type":"ListItem","position":1,"name":"Home","item":"https:\/\/urbanplanty.com\/it\/urban-planty-home\/"},{"@type":"ListItem","position":2,"name":"Negozio","item":"https:\/\/urbanplanty.com\/it\/negozio\/"},{"@type":"ListItem","position":3,"name":"Fibre di cocco | 9x"}]},{"@type":"WebSite","@id":"https:\/\/urbanplanty.com\/#website","url":"https:\/\/urbanplanty.com\/","name":"Urban Planty","description":"Best Vertical Garden Idea For A Tiny Space.","publisher":{"@id":"https:\/\/urbanplanty.com\/#organization"},"potentialAction":[{"@type":"SearchAction","target":{"@type":"EntryPoint","urlTemplate":"https:\/\/urbanplanty.com\/?s={search_term_string}"},"query-input":{"@type":"PropertyValueSpecification","valueRequired":true,"valueName":"search_term_string"}}],"inLanguage":"it-IT"},{"@type":"Organization","@id":"https:\/\/urbanplanty.com\/#organization","name":"Urban Planty d.o.o.","alternateName":"Urban Planty","url":"https:\/\/urbanplanty.com\/","logo":{"@type":"ImageObject","inLanguage":"it-IT","@id":"https:\/\/urbanplanty.com\/#\/schema\/logo\/image\/","url":"https:\/\/urbanplanty.com\/wp-content\/uploads\/2020\/11\/cropped-UP_favicon.jpg","contentUrl":"https:\/\/urbanplanty.com\/wp-content\/uploads\/2020\/11\/cropped-UP_favicon.jpg","width":512,"height":512,"caption":"Urban Planty d.o.o."},"image":{"@id":"https:\/\/urbanplanty.com\/#\/schema\/logo\/image\/"},"sameAs":["https:\/\/www.facebook.com\/urbanplanty","https:\/\/www.instagram.com\/urbanplanty\/","https:\/\/www.youtube.com\/@urbanplanty3786"]}]}},"_links":{"self":[{"href":"https:\/\/urbanplanty.com\/it\/wp-json\/wp\/v2\/product\/1108","targetHints":{"allow":["GET"]}}],"collection":[{"href":"https:\/\/urbanplanty.com\/it\/wp-json\/wp\/v2\/product"}],"about":[{"href":"https:\/\/urbanplanty.com\/it\/wp-json\/wp\/v2\/types\/product"}],"version-history":[{"count":10,"href":"https:\/\/urbanplanty.com\/it\/wp-json\/wp\/v2\/product\/1108\/revisions"}],"predecessor-version":[{"id":2896,"href":"https:\/\/urbanplanty.com\/it\/wp-json\/wp\/v2\/product\/1108\/revisions\/2896"}],"wp:featuredmedia":[{"embeddable":true,"href":"https:\/\/urbanplanty.com\/it\/wp-json\/wp\/v2\/media\/1363"}],"wp:attachment":[{"href":"https:\/\/urbanplanty.com\/it\/wp-json\/wp\/v2\/media?parent=1108"}],"wp:term":[{"taxonomy":"product_brand","embeddable":true,"href":"https:\/\/urbanplanty.com\/it\/wp-json\/wp\/v2\/product_brand?post=1108"},{"taxonomy":"product_cat","embeddable":true,"href":"https:\/\/urbanplanty.com\/it\/wp-json\/wp\/v2\/product_cat?post=1108"},{"taxonomy":"product_tag","embeddable":true,"href":"https:\/\/urbanplanty.com\/it\/wp-json\/wp\/v2\/product_tag?post=1108"}],"curies":[{"name":"wp","href":"https:\/\/api.w.org\/{rel}","templated":true}]}}