{"id":516,"date":"2020-08-04T14:22:27","date_gmt":"2020-08-11T08:07:57","guid":{"rendered":"http:\/\/localhost\/wordpress%20urban%20planty\/index.php\/product\/urban-planty-i-giardino-verticale\/"},"modified":"2022-04-07T12:10:55","modified_gmt":"2022-04-07T11:10:55","slug":"urban-planty-giardino-verticale","status":"publish","type":"product","link":"https:\/\/urbanplanty.com\/it\/product\/urban-planty-giardino-verticale\/","title":{"rendered":"Urban Planty I Giardino Verticale"},"content":{"rendered":"<p style=\"text-align: left;\">Il giardino Urban Planty \u00e8 uno degli accessori pi\u00f9 semplici per il giardinaggio urbano. Il supporto in alluminio pu\u00f2 essere regolato a qualsiasi altezza fino a 2,85 m, offrendo la possibilit\u00e0 di posizionarlo quasi ovunque. Non \u00e8 necessaria alcuna perforazione per fissare lo stand e grazie al suo meccanismo di resistenza specifico il giardino \u00e8 resistente alle condizioni meteorologiche, il che lo rende perfetto per l&#8217;uso interno o esterno. La parte inferiore del palo pu\u00f2 essere rimossa e impostata su un&#8217;altezza fino a 160 cm, quindi puoi posizionare il tuo giardino Urban Planty sui davanzali della cucina.<\/p>\n<p>&nbsp;<\/p>\n","protected":false},"excerpt":{"rendered":"<p>Urban Planty is the ultimate vertical garden specially designed for having herbs or flowers at the reach of your hands during all seasons.<\/p>\n","protected":false},"featured_media":421,"template":"","meta":[],"product_brand":[],"product_cat":[34],"product_tag":[33],"class_list":{"0":"post-516","1":"product","2":"type-product","3":"status-publish","4":"has-post-thumbnail","6":"product_cat-giardino-verticale","7":"product_tag-giardino-verticale","8":"product_shipping_class-oltre-5-kg","10":"first","11":"instock","12":"sale","13":"taxable","14":"shipping-taxable","15":"purchasable","16":"product-type-simple"},"yoast_head":"<!-- This site is optimized with the Yoast SEO plugin v27.0 - https:\/\/yoast.com\/product\/yoast-seo-wordpress\/ -->\n<title>Urban Planty I Giardino Verticale | Urban Planty<\/title>\n<meta name=\"robots\" content=\"index, follow, max-snippet:-1, max-image-preview:large, max-video-preview:-1\" \/>\n<link rel=\"canonical\" href=\"https:\/\/urbanplanty.com\/it\/product\/urban-planty-giardino-verticale\/\" \/>\n<meta property=\"og:locale\" content=\"it_IT\" \/>\n<meta property=\"og:type\" content=\"article\" \/>\n<meta property=\"og:title\" content=\"Urban Planty I Giardino Verticale | Urban Planty\" \/>\n<meta property=\"og:description\" content=\"Urban Planty is the ultimate vertical garden specially designed for having herbs or flowers at the reach of your hands during all seasons.\" \/>\n<meta property=\"og:url\" content=\"https:\/\/urbanplanty.com\/it\/product\/urban-planty-giardino-verticale\/\" \/>\n<meta property=\"og:site_name\" content=\"Urban Planty\" \/>\n<meta property=\"article:publisher\" content=\"https:\/\/www.facebook.com\/urbanplanty\" \/>\n<meta property=\"article:modified_time\" content=\"2022-04-07T11:10:55+00:00\" \/>\n<meta property=\"og:image\" content=\"https:\/\/urbanplanty.com\/wp-content\/uploads\/2020\/07\/UrbanPlanty_coco_pots.png\" \/>\n\t<meta property=\"og:image:width\" content=\"600\" \/>\n\t<meta property=\"og:image:height\" content=\"899\" \/>\n\t<meta property=\"og:image:type\" content=\"image\/png\" \/>\n<meta name=\"twitter:card\" content=\"summary_large_image\" \/>\n<script type=\"application\/ld+json\" class=\"yoast-schema-graph\">{\"@context\":\"https:\/\/schema.org\",\"@graph\":[{\"@type\":\"WebPage\",\"@id\":\"https:\/\/urbanplanty.com\/it\/product\/urban-planty-giardino-verticale\/\",\"url\":\"https:\/\/urbanplanty.com\/it\/product\/urban-planty-giardino-verticale\/\",\"name\":\"Urban Planty I Giardino Verticale | Urban Planty\",\"isPartOf\":{\"@id\":\"https:\/\/urbanplanty.com\/#website\"},\"primaryImageOfPage\":{\"@id\":\"https:\/\/urbanplanty.com\/it\/product\/urban-planty-giardino-verticale\/#primaryimage\"},\"image\":{\"@id\":\"https:\/\/urbanplanty.com\/it\/product\/urban-planty-giardino-verticale\/#primaryimage\"},\"thumbnailUrl\":\"https:\/\/urbanplanty.com\/wp-content\/uploads\/2020\/07\/UrbanPlanty_coco_pots.png\",\"datePublished\":\"2020-08-11T08:07:57+00:00\",\"dateModified\":\"2022-04-07T11:10:55+00:00\",\"breadcrumb\":{\"@id\":\"https:\/\/urbanplanty.com\/it\/product\/urban-planty-giardino-verticale\/#breadcrumb\"},\"inLanguage\":\"it-IT\",\"potentialAction\":[{\"@type\":\"ReadAction\",\"target\":[\"https:\/\/urbanplanty.com\/it\/product\/urban-planty-giardino-verticale\/\"]}]},{\"@type\":\"ImageObject\",\"inLanguage\":\"it-IT\",\"@id\":\"https:\/\/urbanplanty.com\/it\/product\/urban-planty-giardino-verticale\/#primaryimage\",\"url\":\"https:\/\/urbanplanty.com\/wp-content\/uploads\/2020\/07\/UrbanPlanty_coco_pots.png\",\"contentUrl\":\"https:\/\/urbanplanty.com\/wp-content\/uploads\/2020\/07\/UrbanPlanty_coco_pots.png\",\"width\":600,\"height\":899},{\"@type\":\"BreadcrumbList\",\"@id\":\"https:\/\/urbanplanty.com\/it\/product\/urban-planty-giardino-verticale\/#breadcrumb\",\"itemListElement\":[{\"@type\":\"ListItem\",\"position\":1,\"name\":\"Home\",\"item\":\"https:\/\/urbanplanty.com\/it\/urban-planty-home\/\"},{\"@type\":\"ListItem\",\"position\":2,\"name\":\"Negozio\",\"item\":\"https:\/\/urbanplanty.com\/it\/negozio\/\"},{\"@type\":\"ListItem\",\"position\":3,\"name\":\"Urban Planty I Giardino Verticale\"}]},{\"@type\":\"WebSite\",\"@id\":\"https:\/\/urbanplanty.com\/#website\",\"url\":\"https:\/\/urbanplanty.com\/\",\"name\":\"Urban Planty\",\"description\":\"Best Vertical Garden Idea For A Tiny Space.\",\"publisher\":{\"@id\":\"https:\/\/urbanplanty.com\/#organization\"},\"potentialAction\":[{\"@type\":\"SearchAction\",\"target\":{\"@type\":\"EntryPoint\",\"urlTemplate\":\"https:\/\/urbanplanty.com\/?s={search_term_string}\"},\"query-input\":{\"@type\":\"PropertyValueSpecification\",\"valueRequired\":true,\"valueName\":\"search_term_string\"}}],\"inLanguage\":\"it-IT\"},{\"@type\":\"Organization\",\"@id\":\"https:\/\/urbanplanty.com\/#organization\",\"name\":\"Urban Planty d.o.o.\",\"alternateName\":\"Urban Planty\",\"url\":\"https:\/\/urbanplanty.com\/\",\"logo\":{\"@type\":\"ImageObject\",\"inLanguage\":\"it-IT\",\"@id\":\"https:\/\/urbanplanty.com\/#\/schema\/logo\/image\/\",\"url\":\"https:\/\/urbanplanty.com\/wp-content\/uploads\/2020\/11\/cropped-UP_favicon.jpg\",\"contentUrl\":\"https:\/\/urbanplanty.com\/wp-content\/uploads\/2020\/11\/cropped-UP_favicon.jpg\",\"width\":512,\"height\":512,\"caption\":\"Urban Planty d.o.o.\"},\"image\":{\"@id\":\"https:\/\/urbanplanty.com\/#\/schema\/logo\/image\/\"},\"sameAs\":[\"https:\/\/www.facebook.com\/urbanplanty\",\"https:\/\/www.instagram.com\/urbanplanty\/\",\"https:\/\/www.youtube.com\/@urbanplanty3786\"]}]}<\/script>\n<!-- \/ Yoast SEO plugin. -->","yoast_head_json":{"title":"Urban Planty I Giardino Verticale | Urban Planty","robots":{"index":"index","follow":"follow","max-snippet":"max-snippet:-1","max-image-preview":"max-image-preview:large","max-video-preview":"max-video-preview:-1"},"canonical":"https:\/\/urbanplanty.com\/it\/product\/urban-planty-giardino-verticale\/","og_locale":"it_IT","og_type":"article","og_title":"Urban Planty I Giardino Verticale | Urban Planty","og_description":"Urban Planty is the ultimate vertical garden specially designed for having herbs or flowers at the reach of your hands during all seasons.","og_url":"https:\/\/urbanplanty.com\/it\/product\/urban-planty-giardino-verticale\/","og_site_name":"Urban Planty","article_publisher":"https:\/\/www.facebook.com\/urbanplanty","article_modified_time":"2022-04-07T11:10:55+00:00","og_image":[{"width":600,"height":899,"url":"https:\/\/urbanplanty.com\/wp-content\/uploads\/2020\/07\/UrbanPlanty_coco_pots.png","type":"image\/png"}],"twitter_card":"summary_large_image","schema":{"@context":"https:\/\/schema.org","@graph":[{"@type":"WebPage","@id":"https:\/\/urbanplanty.com\/it\/product\/urban-planty-giardino-verticale\/","url":"https:\/\/urbanplanty.com\/it\/product\/urban-planty-giardino-verticale\/","name":"Urban Planty I Giardino Verticale | Urban Planty","isPartOf":{"@id":"https:\/\/urbanplanty.com\/#website"},"primaryImageOfPage":{"@id":"https:\/\/urbanplanty.com\/it\/product\/urban-planty-giardino-verticale\/#primaryimage"},"image":{"@id":"https:\/\/urbanplanty.com\/it\/product\/urban-planty-giardino-verticale\/#primaryimage"},"thumbnailUrl":"https:\/\/urbanplanty.com\/wp-content\/uploads\/2020\/07\/UrbanPlanty_coco_pots.png","datePublished":"2020-08-11T08:07:57+00:00","dateModified":"2022-04-07T11:10:55+00:00","breadcrumb":{"@id":"https:\/\/urbanplanty.com\/it\/product\/urban-planty-giardino-verticale\/#breadcrumb"},"inLanguage":"it-IT","potentialAction":[{"@type":"ReadAction","target":["https:\/\/urbanplanty.com\/it\/product\/urban-planty-giardino-verticale\/"]}]},{"@type":"ImageObject","inLanguage":"it-IT","@id":"https:\/\/urbanplanty.com\/it\/product\/urban-planty-giardino-verticale\/#primaryimage","url":"https:\/\/urbanplanty.com\/wp-content\/uploads\/2020\/07\/UrbanPlanty_coco_pots.png","contentUrl":"https:\/\/urbanplanty.com\/wp-content\/uploads\/2020\/07\/UrbanPlanty_coco_pots.png","width":600,"height":899},{"@type":"BreadcrumbList","@id":"https:\/\/urbanplanty.com\/it\/product\/urban-planty-giardino-verticale\/#breadcrumb","itemListElement":[{"@type":"ListItem","position":1,"name":"Home","item":"https:\/\/urbanplanty.com\/it\/urban-planty-home\/"},{"@type":"ListItem","position":2,"name":"Negozio","item":"https:\/\/urbanplanty.com\/it\/negozio\/"},{"@type":"ListItem","position":3,"name":"Urban Planty I Giardino Verticale"}]},{"@type":"WebSite","@id":"https:\/\/urbanplanty.com\/#website","url":"https:\/\/urbanplanty.com\/","name":"Urban Planty","description":"Best Vertical Garden Idea For A Tiny Space.","publisher":{"@id":"https:\/\/urbanplanty.com\/#organization"},"potentialAction":[{"@type":"SearchAction","target":{"@type":"EntryPoint","urlTemplate":"https:\/\/urbanplanty.com\/?s={search_term_string}"},"query-input":{"@type":"PropertyValueSpecification","valueRequired":true,"valueName":"search_term_string"}}],"inLanguage":"it-IT"},{"@type":"Organization","@id":"https:\/\/urbanplanty.com\/#organization","name":"Urban Planty d.o.o.","alternateName":"Urban Planty","url":"https:\/\/urbanplanty.com\/","logo":{"@type":"ImageObject","inLanguage":"it-IT","@id":"https:\/\/urbanplanty.com\/#\/schema\/logo\/image\/","url":"https:\/\/urbanplanty.com\/wp-content\/uploads\/2020\/11\/cropped-UP_favicon.jpg","contentUrl":"https:\/\/urbanplanty.com\/wp-content\/uploads\/2020\/11\/cropped-UP_favicon.jpg","width":512,"height":512,"caption":"Urban Planty d.o.o."},"image":{"@id":"https:\/\/urbanplanty.com\/#\/schema\/logo\/image\/"},"sameAs":["https:\/\/www.facebook.com\/urbanplanty","https:\/\/www.instagram.com\/urbanplanty\/","https:\/\/www.youtube.com\/@urbanplanty3786"]}]}},"_links":{"self":[{"href":"https:\/\/urbanplanty.com\/it\/wp-json\/wp\/v2\/product\/516","targetHints":{"allow":["GET"]}}],"collection":[{"href":"https:\/\/urbanplanty.com\/it\/wp-json\/wp\/v2\/product"}],"about":[{"href":"https:\/\/urbanplanty.com\/it\/wp-json\/wp\/v2\/types\/product"}],"version-history":[{"count":4,"href":"https:\/\/urbanplanty.com\/it\/wp-json\/wp\/v2\/product\/516\/revisions"}],"predecessor-version":[{"id":2891,"href":"https:\/\/urbanplanty.com\/it\/wp-json\/wp\/v2\/product\/516\/revisions\/2891"}],"wp:featuredmedia":[{"embeddable":true,"href":"https:\/\/urbanplanty.com\/it\/wp-json\/wp\/v2\/media\/421"}],"wp:attachment":[{"href":"https:\/\/urbanplanty.com\/it\/wp-json\/wp\/v2\/media?parent=516"}],"wp:term":[{"taxonomy":"product_brand","embeddable":true,"href":"https:\/\/urbanplanty.com\/it\/wp-json\/wp\/v2\/product_brand?post=516"},{"taxonomy":"product_cat","embeddable":true,"href":"https:\/\/urbanplanty.com\/it\/wp-json\/wp\/v2\/product_cat?post=516"},{"taxonomy":"product_tag","embeddable":true,"href":"https:\/\/urbanplanty.com\/it\/wp-json\/wp\/v2\/product_tag?post=516"}],"curies":[{"name":"wp","href":"https:\/\/api.w.org\/{rel}","templated":true}]}}