{"id":584,"date":"2020-08-11T09:43:35","date_gmt":"2020-08-13T06:56:40","guid":{"rendered":"http:\/\/localhost\/wordpress%20urban%20planty\/index.php\/product\/vaso-di-cocco-oliva\/"},"modified":"2021-02-08T09:20:35","modified_gmt":"2021-02-08T08:20:35","slug":"vaso-di-cocco-oliva","status":"publish","type":"product","link":"https:\/\/urbanplanty.com\/it\/product\/vaso-di-cocco-oliva\/","title":{"rendered":"Vaso di cocco | Oliva"},"content":{"rendered":"<p>I vasi per piante, che fanno parte di Urban Planty, sono realizzati con materiali eco-compatibili come la iuta o il cocco. Entrambi trattengono l&#8217;acqua per un periodo di tempo pi\u00f9 lungo, dando cos\u00ec pi\u00f9 umidit\u00e0 al suolo come se fosse regolarmente annaffiata. Il fondo del vaso \u00e8 fatto di plastica riciclata e funge da serbatoio per l&#8217;acqua. I vasi possono essere utilizzati per erbe, fiori, orchidee e verdure.<\/p>\n<h2>Dimensioni del vaso:<\/h2>\n<p><b>Volume<\/b>: 1,5 L; <b>Diametro<\/b>(Superiore): 15 cm; <b>Altezza<\/b>: 18 cm<\/p>\n","protected":false},"excerpt":{"rendered":"<p>I vasi di cocco sono realizzati con materiali eco-compatibili come la iuta o il cocco. Entrambi trattengono l&#8217;acqua per un periodo di tempo pi\u00f9 lungo, dando cos\u00ec pi\u00f9 umidit\u00e0 al terriccio come se fosse regolarmente annaffiato. Il fondo del vaso \u00e8 fatto di plastica riciclata e funge da serbatoio per l&#8217;acqua. I vasi possono essere<\/p>\n","protected":false},"featured_media":1369,"template":"","meta":[],"product_brand":[],"product_cat":[51],"product_tag":[53,55,54,56,57],"class_list":{"0":"post-584","1":"product","2":"type-product","3":"status-publish","4":"has-post-thumbnail","6":"product_cat-vasi-di-cocco","7":"product_tag-cocco","8":"product_tag-giardinaggio-urbano","9":"product_tag-vaso","10":"product_tag-vaso-di-erbe","11":"product_tag-vaso-di-fiori","12":"product_shipping_class-leggero","14":"first","15":"instock","16":"taxable","17":"shipping-taxable","18":"purchasable","19":"product-type-simple"},"yoast_head":"<!-- This site is optimized with the Yoast SEO plugin v27.0 - https:\/\/yoast.com\/product\/yoast-seo-wordpress\/ -->\n<title>Vaso di cocco | Oliva | Urban Planty<\/title>\n<meta name=\"robots\" content=\"index, follow, max-snippet:-1, max-image-preview:large, max-video-preview:-1\" \/>\n<link rel=\"canonical\" href=\"https:\/\/urbanplanty.com\/it\/product\/vaso-di-cocco-oliva\/\" \/>\n<meta property=\"og:locale\" content=\"it_IT\" \/>\n<meta property=\"og:type\" content=\"article\" \/>\n<meta property=\"og:title\" content=\"Vaso di cocco | Oliva | Urban Planty\" \/>\n<meta property=\"og:description\" content=\"I vasi di cocco sono realizzati con materiali eco-compatibili come la iuta o il cocco. Entrambi trattengono l&#8217;acqua per un periodo di tempo pi\u00f9 lungo, dando cos\u00ec pi\u00f9 umidit\u00e0 al terriccio come se fosse regolarmente annaffiato. Il fondo del vaso \u00e8 fatto di plastica riciclata e funge da serbatoio per l&#8217;acqua. I vasi possono essere\" \/>\n<meta property=\"og:url\" content=\"https:\/\/urbanplanty.com\/it\/product\/vaso-di-cocco-oliva\/\" \/>\n<meta property=\"og:site_name\" content=\"Urban Planty\" \/>\n<meta property=\"article:publisher\" content=\"https:\/\/www.facebook.com\/urbanplanty\" \/>\n<meta property=\"article:modified_time\" content=\"2021-02-08T08:20:35+00:00\" \/>\n<meta property=\"og:image\" content=\"https:\/\/urbanplanty.com\/wp-content\/uploads\/2020\/09\/Product_400x400_Coconut_Pots_Template_0004_Product_400x400_Urban_Baggie_coconut_flower_pot_olive.jpg\" \/>\n\t<meta property=\"og:image:width\" content=\"400\" \/>\n\t<meta property=\"og:image:height\" content=\"400\" \/>\n\t<meta property=\"og:image:type\" content=\"image\/jpeg\" \/>\n<meta name=\"twitter:card\" content=\"summary_large_image\" \/>\n<script type=\"application\/ld+json\" class=\"yoast-schema-graph\">{\"@context\":\"https:\/\/schema.org\",\"@graph\":[{\"@type\":\"WebPage\",\"@id\":\"https:\/\/urbanplanty.com\/it\/product\/vaso-di-cocco-oliva\/\",\"url\":\"https:\/\/urbanplanty.com\/it\/product\/vaso-di-cocco-oliva\/\",\"name\":\"Vaso di cocco | Oliva | Urban Planty\",\"isPartOf\":{\"@id\":\"https:\/\/urbanplanty.com\/#website\"},\"primaryImageOfPage\":{\"@id\":\"https:\/\/urbanplanty.com\/it\/product\/vaso-di-cocco-oliva\/#primaryimage\"},\"image\":{\"@id\":\"https:\/\/urbanplanty.com\/it\/product\/vaso-di-cocco-oliva\/#primaryimage\"},\"thumbnailUrl\":\"https:\/\/urbanplanty.com\/wp-content\/uploads\/2020\/09\/Product_400x400_Coconut_Pots_Template_0004_Product_400x400_Urban_Baggie_coconut_flower_pot_olive.jpg\",\"datePublished\":\"2020-08-13T06:56:40+00:00\",\"dateModified\":\"2021-02-08T08:20:35+00:00\",\"breadcrumb\":{\"@id\":\"https:\/\/urbanplanty.com\/it\/product\/vaso-di-cocco-oliva\/#breadcrumb\"},\"inLanguage\":\"it-IT\",\"potentialAction\":[{\"@type\":\"ReadAction\",\"target\":[\"https:\/\/urbanplanty.com\/it\/product\/vaso-di-cocco-oliva\/\"]}]},{\"@type\":\"ImageObject\",\"inLanguage\":\"it-IT\",\"@id\":\"https:\/\/urbanplanty.com\/it\/product\/vaso-di-cocco-oliva\/#primaryimage\",\"url\":\"https:\/\/urbanplanty.com\/wp-content\/uploads\/2020\/09\/Product_400x400_Coconut_Pots_Template_0004_Product_400x400_Urban_Baggie_coconut_flower_pot_olive.jpg\",\"contentUrl\":\"https:\/\/urbanplanty.com\/wp-content\/uploads\/2020\/09\/Product_400x400_Coconut_Pots_Template_0004_Product_400x400_Urban_Baggie_coconut_flower_pot_olive.jpg\",\"width\":400,\"height\":400},{\"@type\":\"BreadcrumbList\",\"@id\":\"https:\/\/urbanplanty.com\/it\/product\/vaso-di-cocco-oliva\/#breadcrumb\",\"itemListElement\":[{\"@type\":\"ListItem\",\"position\":1,\"name\":\"Home\",\"item\":\"https:\/\/urbanplanty.com\/it\/urban-planty-home\/\"},{\"@type\":\"ListItem\",\"position\":2,\"name\":\"Negozio\",\"item\":\"https:\/\/urbanplanty.com\/it\/negozio\/\"},{\"@type\":\"ListItem\",\"position\":3,\"name\":\"Vaso di cocco | Oliva\"}]},{\"@type\":\"WebSite\",\"@id\":\"https:\/\/urbanplanty.com\/#website\",\"url\":\"https:\/\/urbanplanty.com\/\",\"name\":\"Urban Planty\",\"description\":\"Best Vertical Garden Idea For A Tiny Space.\",\"publisher\":{\"@id\":\"https:\/\/urbanplanty.com\/#organization\"},\"potentialAction\":[{\"@type\":\"SearchAction\",\"target\":{\"@type\":\"EntryPoint\",\"urlTemplate\":\"https:\/\/urbanplanty.com\/?s={search_term_string}\"},\"query-input\":{\"@type\":\"PropertyValueSpecification\",\"valueRequired\":true,\"valueName\":\"search_term_string\"}}],\"inLanguage\":\"it-IT\"},{\"@type\":\"Organization\",\"@id\":\"https:\/\/urbanplanty.com\/#organization\",\"name\":\"Urban Planty d.o.o.\",\"alternateName\":\"Urban Planty\",\"url\":\"https:\/\/urbanplanty.com\/\",\"logo\":{\"@type\":\"ImageObject\",\"inLanguage\":\"it-IT\",\"@id\":\"https:\/\/urbanplanty.com\/#\/schema\/logo\/image\/\",\"url\":\"https:\/\/urbanplanty.com\/wp-content\/uploads\/2020\/11\/cropped-UP_favicon.jpg\",\"contentUrl\":\"https:\/\/urbanplanty.com\/wp-content\/uploads\/2020\/11\/cropped-UP_favicon.jpg\",\"width\":512,\"height\":512,\"caption\":\"Urban Planty d.o.o.\"},\"image\":{\"@id\":\"https:\/\/urbanplanty.com\/#\/schema\/logo\/image\/\"},\"sameAs\":[\"https:\/\/www.facebook.com\/urbanplanty\",\"https:\/\/www.instagram.com\/urbanplanty\/\",\"https:\/\/www.youtube.com\/@urbanplanty3786\"]}]}<\/script>\n<!-- \/ Yoast SEO plugin. -->","yoast_head_json":{"title":"Vaso di cocco | Oliva | Urban Planty","robots":{"index":"index","follow":"follow","max-snippet":"max-snippet:-1","max-image-preview":"max-image-preview:large","max-video-preview":"max-video-preview:-1"},"canonical":"https:\/\/urbanplanty.com\/it\/product\/vaso-di-cocco-oliva\/","og_locale":"it_IT","og_type":"article","og_title":"Vaso di cocco | Oliva | Urban Planty","og_description":"I vasi di cocco sono realizzati con materiali eco-compatibili come la iuta o il cocco. Entrambi trattengono l&#8217;acqua per un periodo di tempo pi\u00f9 lungo, dando cos\u00ec pi\u00f9 umidit\u00e0 al terriccio come se fosse regolarmente annaffiato. Il fondo del vaso \u00e8 fatto di plastica riciclata e funge da serbatoio per l&#8217;acqua. I vasi possono essere","og_url":"https:\/\/urbanplanty.com\/it\/product\/vaso-di-cocco-oliva\/","og_site_name":"Urban Planty","article_publisher":"https:\/\/www.facebook.com\/urbanplanty","article_modified_time":"2021-02-08T08:20:35+00:00","og_image":[{"width":400,"height":400,"url":"https:\/\/urbanplanty.com\/wp-content\/uploads\/2020\/09\/Product_400x400_Coconut_Pots_Template_0004_Product_400x400_Urban_Baggie_coconut_flower_pot_olive.jpg","type":"image\/jpeg"}],"twitter_card":"summary_large_image","schema":{"@context":"https:\/\/schema.org","@graph":[{"@type":"WebPage","@id":"https:\/\/urbanplanty.com\/it\/product\/vaso-di-cocco-oliva\/","url":"https:\/\/urbanplanty.com\/it\/product\/vaso-di-cocco-oliva\/","name":"Vaso di cocco | Oliva | Urban Planty","isPartOf":{"@id":"https:\/\/urbanplanty.com\/#website"},"primaryImageOfPage":{"@id":"https:\/\/urbanplanty.com\/it\/product\/vaso-di-cocco-oliva\/#primaryimage"},"image":{"@id":"https:\/\/urbanplanty.com\/it\/product\/vaso-di-cocco-oliva\/#primaryimage"},"thumbnailUrl":"https:\/\/urbanplanty.com\/wp-content\/uploads\/2020\/09\/Product_400x400_Coconut_Pots_Template_0004_Product_400x400_Urban_Baggie_coconut_flower_pot_olive.jpg","datePublished":"2020-08-13T06:56:40+00:00","dateModified":"2021-02-08T08:20:35+00:00","breadcrumb":{"@id":"https:\/\/urbanplanty.com\/it\/product\/vaso-di-cocco-oliva\/#breadcrumb"},"inLanguage":"it-IT","potentialAction":[{"@type":"ReadAction","target":["https:\/\/urbanplanty.com\/it\/product\/vaso-di-cocco-oliva\/"]}]},{"@type":"ImageObject","inLanguage":"it-IT","@id":"https:\/\/urbanplanty.com\/it\/product\/vaso-di-cocco-oliva\/#primaryimage","url":"https:\/\/urbanplanty.com\/wp-content\/uploads\/2020\/09\/Product_400x400_Coconut_Pots_Template_0004_Product_400x400_Urban_Baggie_coconut_flower_pot_olive.jpg","contentUrl":"https:\/\/urbanplanty.com\/wp-content\/uploads\/2020\/09\/Product_400x400_Coconut_Pots_Template_0004_Product_400x400_Urban_Baggie_coconut_flower_pot_olive.jpg","width":400,"height":400},{"@type":"BreadcrumbList","@id":"https:\/\/urbanplanty.com\/it\/product\/vaso-di-cocco-oliva\/#breadcrumb","itemListElement":[{"@type":"ListItem","position":1,"name":"Home","item":"https:\/\/urbanplanty.com\/it\/urban-planty-home\/"},{"@type":"ListItem","position":2,"name":"Negozio","item":"https:\/\/urbanplanty.com\/it\/negozio\/"},{"@type":"ListItem","position":3,"name":"Vaso di cocco | Oliva"}]},{"@type":"WebSite","@id":"https:\/\/urbanplanty.com\/#website","url":"https:\/\/urbanplanty.com\/","name":"Urban Planty","description":"Best Vertical Garden Idea For A Tiny Space.","publisher":{"@id":"https:\/\/urbanplanty.com\/#organization"},"potentialAction":[{"@type":"SearchAction","target":{"@type":"EntryPoint","urlTemplate":"https:\/\/urbanplanty.com\/?s={search_term_string}"},"query-input":{"@type":"PropertyValueSpecification","valueRequired":true,"valueName":"search_term_string"}}],"inLanguage":"it-IT"},{"@type":"Organization","@id":"https:\/\/urbanplanty.com\/#organization","name":"Urban Planty d.o.o.","alternateName":"Urban Planty","url":"https:\/\/urbanplanty.com\/","logo":{"@type":"ImageObject","inLanguage":"it-IT","@id":"https:\/\/urbanplanty.com\/#\/schema\/logo\/image\/","url":"https:\/\/urbanplanty.com\/wp-content\/uploads\/2020\/11\/cropped-UP_favicon.jpg","contentUrl":"https:\/\/urbanplanty.com\/wp-content\/uploads\/2020\/11\/cropped-UP_favicon.jpg","width":512,"height":512,"caption":"Urban Planty d.o.o."},"image":{"@id":"https:\/\/urbanplanty.com\/#\/schema\/logo\/image\/"},"sameAs":["https:\/\/www.facebook.com\/urbanplanty","https:\/\/www.instagram.com\/urbanplanty\/","https:\/\/www.youtube.com\/@urbanplanty3786"]}]}},"_links":{"self":[{"href":"https:\/\/urbanplanty.com\/it\/wp-json\/wp\/v2\/product\/584","targetHints":{"allow":["GET"]}}],"collection":[{"href":"https:\/\/urbanplanty.com\/it\/wp-json\/wp\/v2\/product"}],"about":[{"href":"https:\/\/urbanplanty.com\/it\/wp-json\/wp\/v2\/types\/product"}],"version-history":[{"count":4,"href":"https:\/\/urbanplanty.com\/it\/wp-json\/wp\/v2\/product\/584\/revisions"}],"predecessor-version":[{"id":1827,"href":"https:\/\/urbanplanty.com\/it\/wp-json\/wp\/v2\/product\/584\/revisions\/1827"}],"wp:featuredmedia":[{"embeddable":true,"href":"https:\/\/urbanplanty.com\/it\/wp-json\/wp\/v2\/media\/1369"}],"wp:attachment":[{"href":"https:\/\/urbanplanty.com\/it\/wp-json\/wp\/v2\/media?parent=584"}],"wp:term":[{"taxonomy":"product_brand","embeddable":true,"href":"https:\/\/urbanplanty.com\/it\/wp-json\/wp\/v2\/product_brand?post=584"},{"taxonomy":"product_cat","embeddable":true,"href":"https:\/\/urbanplanty.com\/it\/wp-json\/wp\/v2\/product_cat?post=584"},{"taxonomy":"product_tag","embeddable":true,"href":"https:\/\/urbanplanty.com\/it\/wp-json\/wp\/v2\/product_tag?post=584"}],"curies":[{"name":"wp","href":"https:\/\/api.w.org\/{rel}","templated":true}]}}