{"id":711,"date":"2020-08-14T08:58:56","date_gmt":"2020-08-14T08:58:57","guid":{"rendered":"http:\/\/localhost\/wordpress%20urban%20planty\/?post_type=product&#038;p=711"},"modified":"2021-02-08T09:18:43","modified_gmt":"2021-02-08T08:18:43","slug":"vaso-di-cocco-oliva-copy","status":"publish","type":"product","link":"https:\/\/urbanplanty.com\/it\/product\/vaso-di-cocco-oliva-copy\/","title":{"rendered":"Vaso di cocco | Bianco"},"content":{"rendered":"\t\t<div data-elementor-type=\"product-post\" data-elementor-id=\"711\" class=\"elementor elementor-711 elementor-710\" data-elementor-post-type=\"product\">\n\t\t\t\t\t\t<section class=\"elementor-section elementor-top-section elementor-element elementor-element-9de87f6 elementor-section-boxed elementor-section-height-default elementor-section-height-default\" data-id=\"9de87f6\" data-element_type=\"section\" data-e-type=\"section\">\n\t\t\t\t\t\t<div class=\"elementor-container elementor-column-gap-default\">\n\t\t\t\t\t<div class=\"elementor-column elementor-col-100 elementor-top-column elementor-element elementor-element-39339f5\" data-id=\"39339f5\" data-element_type=\"column\" data-e-type=\"column\">\n\t\t\t<div class=\"elementor-widget-wrap elementor-element-populated\">\n\t\t\t\t\t\t<div class=\"elementor-element elementor-element-4e62a7d elementor-widget elementor-widget-heading\" data-id=\"4e62a7d\" data-element_type=\"widget\" data-e-type=\"widget\" data-widget_type=\"heading.default\">\n\t\t\t\t<div class=\"elementor-widget-container\">\n\t\t\t\t\t<p class=\"elementor-heading-title elementor-size-default\">I vasi per piante, che fanno parte di Urban Planty, sono realizzati con materiali eco-compatibili come la iuta o il cocco. Entrambi trattengono l'acqua per un periodo di tempo pi\u00f9 lungo, dando cos\u00ec pi\u00f9 umidit\u00e0 al suolo come se fosse regolarmente annaffiata. Il fondo del vaso \u00e8 fatto di plastica riciclata e funge da serbatoio per l'acqua. I vasi possono essere utilizzati per erbe, fiori, orchidee e verdure.<\/p>\t\t\t\t<\/div>\n\t\t\t\t<\/div>\n\t\t\t\t<div class=\"elementor-element elementor-element-164bb8c elementor-widget elementor-widget-heading\" data-id=\"164bb8c\" data-element_type=\"widget\" data-e-type=\"widget\" data-widget_type=\"heading.default\">\n\t\t\t\t<div class=\"elementor-widget-container\">\n\t\t\t\t\t<h2 class=\"elementor-heading-title elementor-size-default\"><b>I vasi di cocco possono essere usati per erbe, fiori, orchidee e alcune verdure.<\/b><\/h2>\t\t\t\t<\/div>\n\t\t\t\t<\/div>\n\t\t\t\t<div class=\"elementor-element elementor-element-a3052e0 elementor-widget elementor-widget-image\" data-id=\"a3052e0\" data-element_type=\"widget\" data-e-type=\"widget\" data-widget_type=\"image.default\">\n\t\t\t\t<div class=\"elementor-widget-container\">\n\t\t\t\t\t\t\t\t\t\t\t\t\t\t\t<img fetchpriority=\"high\" decoding=\"async\" width=\"640\" height=\"427\" src=\"https:\/\/urbanplanty.com\/wp-content\/uploads\/2020\/08\/Coconut_pots_kitchen.jpeg\" class=\"attachment-large size-large wp-image-525\" alt=\"\" \/>\t\t\t\t\t\t\t\t\t\t\t\t\t\t\t<\/div>\n\t\t\t\t<\/div>\n\t\t\t\t<div class=\"elementor-element elementor-element-64c68d2 elementor-widget elementor-widget-heading\" data-id=\"64c68d2\" data-element_type=\"widget\" data-e-type=\"widget\" data-widget_type=\"heading.default\">\n\t\t\t\t<div class=\"elementor-widget-container\">\n\t\t\t\t\t<h1 class=\"elementor-heading-title elementor-size-default\">ECCO <b>5 FATTI<\/b> CHE SPIEGANO PERCH\u00c9 I VASI DI COCCO SONO <b>MIGLIORI<\/b> DEGLI ALTRI VASI PER LA COLTIVAZIONE DI PIANTE!<\/h1>\t\t\t\t<\/div>\n\t\t\t\t<\/div>\n\t\t\t\t<section class=\"elementor-section elementor-inner-section elementor-element elementor-element-2d9d561 elementor-section-boxed elementor-section-height-default elementor-section-height-default\" data-id=\"2d9d561\" data-element_type=\"section\" data-e-type=\"section\">\n\t\t\t\t\t\t<div class=\"elementor-container elementor-column-gap-default\">\n\t\t\t\t\t<div class=\"elementor-column elementor-col-50 elementor-inner-column elementor-element elementor-element-781ba72\" data-id=\"781ba72\" data-element_type=\"column\" data-e-type=\"column\">\n\t\t\t<div class=\"elementor-widget-wrap elementor-element-populated\">\n\t\t\t\t\t\t<div class=\"elementor-element elementor-element-bc10bfe elementor-widget elementor-widget-image\" data-id=\"bc10bfe\" data-element_type=\"widget\" data-e-type=\"widget\" data-widget_type=\"image.default\">\n\t\t\t\t<div class=\"elementor-widget-container\">\n\t\t\t\t\t\t\t\t\t\t\t\t\t\t\t<img decoding=\"async\" width=\"533\" height=\"800\" src=\"https:\/\/urbanplanty.com\/wp-content\/uploads\/2020\/07\/Coconut_pot_assembly_orchids_urban_planty.png\" class=\"attachment-large size-large wp-image-347\" alt=\"\" srcset=\"https:\/\/urbanplanty.com\/wp-content\/uploads\/2020\/07\/Coconut_pot_assembly_orchids_urban_planty.png 533w, https:\/\/urbanplanty.com\/wp-content\/uploads\/2020\/07\/Coconut_pot_assembly_orchids_urban_planty-200x300.png 200w\" sizes=\"(max-width: 533px) 100vw, 533px\" \/>\t\t\t\t\t\t\t\t\t\t\t\t\t\t\t<\/div>\n\t\t\t\t<\/div>\n\t\t\t\t\t<\/div>\n\t\t<\/div>\n\t\t\t\t<div class=\"elementor-column elementor-col-50 elementor-inner-column elementor-element elementor-element-eea712d\" data-id=\"eea712d\" data-element_type=\"column\" data-e-type=\"column\">\n\t\t\t<div class=\"elementor-widget-wrap elementor-element-populated\">\n\t\t\t\t\t\t<div class=\"elementor-element elementor-element-44c2f9e elementor-widget elementor-widget-heading\" data-id=\"44c2f9e\" data-element_type=\"widget\" data-e-type=\"widget\" data-widget_type=\"heading.default\">\n\t\t\t\t<div class=\"elementor-widget-container\">\n\t\t\t\t\t<h3 class=\"elementor-heading-title elementor-size-default\"><b>1) I fori di drenaggio aiutano a proteggere le radici sensibili <\/b><\/h3>\t\t\t\t<\/div>\n\t\t\t\t<\/div>\n\t\t\t\t<div class=\"elementor-element elementor-element-f82981c elementor-widget elementor-widget-heading\" data-id=\"f82981c\" data-element_type=\"widget\" data-e-type=\"widget\" data-widget_type=\"heading.default\">\n\t\t\t\t<div class=\"elementor-widget-container\">\n\t\t\t\t\t<p class=\"elementor-heading-title elementor-size-default\">L'acqua in eccesso pu\u00f2 facilmente defluire nel serbatoio dell'acqua mantenendo l'umidit\u00e0 ad un livello ideale per una sana crescita delle piante. Aiuta a proteggere le radici da marciume, funghi e batteri.<\/p>\t\t\t\t<\/div>\n\t\t\t\t<\/div>\n\t\t\t\t<div class=\"elementor-element elementor-element-561d89d elementor-widget elementor-widget-heading\" data-id=\"561d89d\" data-element_type=\"widget\" data-e-type=\"widget\" data-widget_type=\"heading.default\">\n\t\t\t\t<div class=\"elementor-widget-container\">\n\t\t\t\t\t<p class=\"elementor-heading-title elementor-size-default\"><b>2) Capacit\u00e0 della fibra di cocco di trattenere l'acqua<\/b><\/p>\t\t\t\t<\/div>\n\t\t\t\t<\/div>\n\t\t\t\t<div class=\"elementor-element elementor-element-ed463c8 elementor-widget elementor-widget-heading\" data-id=\"ed463c8\" data-element_type=\"widget\" data-e-type=\"widget\" data-widget_type=\"heading.default\">\n\t\t\t\t<div class=\"elementor-widget-container\">\n\t\t\t\t\t<p class=\"elementor-heading-title elementor-size-default\">La fibra di cocco ha un'eccellente capacit\u00e0 di trattenere l'acqua, favorendo al tempo stesso un buon drenaggio e una buona aerazione. D\u00e0 cos\u00ec pi\u00f9 umidit\u00e0 al terreno come se fosse regolarmente innaffiato.<\/p>\t\t\t\t<\/div>\n\t\t\t\t<\/div>\n\t\t\t\t<div class=\"elementor-element elementor-element-b22d521 elementor-widget elementor-widget-heading\" data-id=\"b22d521\" data-element_type=\"widget\" data-e-type=\"widget\" data-widget_type=\"heading.default\">\n\t\t\t\t<div class=\"elementor-widget-container\">\n\t\t\t\t\t<p class=\"elementor-heading-title elementor-size-default\"><b>3) Potatura ad aria e struttura delle radici<\/b><\/p>\t\t\t\t<\/div>\n\t\t\t\t<\/div>\n\t\t\t\t<div class=\"elementor-element elementor-element-f8ccb14 elementor-widget elementor-widget-heading\" data-id=\"f8ccb14\" data-element_type=\"widget\" data-e-type=\"widget\" data-widget_type=\"heading.default\">\n\t\t\t\t<div class=\"elementor-widget-container\">\n\t\t\t\t\t<p class=\"elementor-heading-title elementor-size-default\">\nLa capacit\u00e0 di potatura ad aria fa s\u00ec che le radici pi\u00f9 sane siano in grado di fornire pi\u00f9 nutrienti alla pianta. Quando le radici della pianta raggiungono il bordo del vaso, le punte delle radici vengono intrappolate dalla fibra porosa. Quando queste radici incontrano l'aria, vengono potate naturalmente. Questo processo di potatura forza la ramificazione laterale delle radici e aumenta la massa complessiva delle radici in tutto il substrato. <\/p>\t\t\t\t<\/div>\n\t\t\t\t<\/div>\n\t\t\t\t<div class=\"elementor-element elementor-element-736c1e7 elementor-widget elementor-widget-heading\" data-id=\"736c1e7\" data-element_type=\"widget\" data-e-type=\"widget\" data-widget_type=\"heading.default\">\n\t\t\t\t<div class=\"elementor-widget-container\">\n\t\t\t\t\t<p class=\"elementor-heading-title elementor-size-default\"><b>4) Controllo della temperatura<\/b><\/p>\t\t\t\t<\/div>\n\t\t\t\t<\/div>\n\t\t\t\t<div class=\"elementor-element elementor-element-1aabfd2 elementor-widget elementor-widget-heading\" data-id=\"1aabfd2\" data-element_type=\"widget\" data-e-type=\"widget\" data-widget_type=\"heading.default\">\n\t\t\t\t<div class=\"elementor-widget-container\">\n\t\t\t\t\t<p class=\"elementor-heading-title elementor-size-default\">La fibra di cocco permette all'aria di penetrare i lati del contenitore, mantenendolo fresco quando esposto al sole diretto nelle calde giornate estive attraverso il processo di raffreddamento evaporativo.<\/p>\t\t\t\t<\/div>\n\t\t\t\t<\/div>\n\t\t\t\t<div class=\"elementor-element elementor-element-31150ab elementor-widget elementor-widget-heading\" data-id=\"31150ab\" data-element_type=\"widget\" data-e-type=\"widget\" data-widget_type=\"heading.default\">\n\t\t\t\t<div class=\"elementor-widget-container\">\n\t\t\t\t\t<p class=\"elementor-heading-title elementor-size-default\"><b>5) Le radici hanno accesso diretto al serbatoio dell'acqua<\/b><\/p>\t\t\t\t<\/div>\n\t\t\t\t<\/div>\n\t\t\t\t<div class=\"elementor-element elementor-element-db9b19e elementor-widget elementor-widget-heading\" data-id=\"db9b19e\" data-element_type=\"widget\" data-e-type=\"widget\" data-widget_type=\"heading.default\">\n\t\t\t\t<div class=\"elementor-widget-container\">\n\t\t\t\t\t<p class=\"elementor-heading-title elementor-size-default\">L'irrigazione attraverso il serbatoio dell'acqua non richiede l'uso di un piattino. Il cono d'aria fornisce il drenaggio dell'acqua in eccesso. <\/p>\t\t\t\t<\/div>\n\t\t\t\t<\/div>\n\t\t\t\t\t<\/div>\n\t\t<\/div>\n\t\t\t\t\t<\/div>\n\t\t<\/section>\n\t\t\t\t<div class=\"elementor-element elementor-element-093f923 elementor-widget elementor-widget-image\" data-id=\"093f923\" data-element_type=\"widget\" data-e-type=\"widget\" data-widget_type=\"image.default\">\n\t\t\t\t<div class=\"elementor-widget-container\">\n\t\t\t\t\t\t\t\t\t\t\t\t\t\t\t<img decoding=\"async\" width=\"640\" height=\"427\" src=\"https:\/\/urbanplanty.com\/wp-content\/uploads\/2020\/08\/H715_tripple_baggie.jpg\" class=\"attachment-large size-large wp-image-528\" alt=\"\" \/>\t\t\t\t\t\t\t\t\t\t\t\t\t\t\t<\/div>\n\t\t\t\t<\/div>\n\t\t\t\t<div class=\"elementor-element elementor-element-39212d5 elementor-widget elementor-widget-heading\" data-id=\"39212d5\" data-element_type=\"widget\" data-e-type=\"widget\" data-widget_type=\"heading.default\">\n\t\t\t\t<div class=\"elementor-widget-container\">\n\t\t\t\t\t<h2 class=\"elementor-heading-title elementor-size-default\">Dimensioni del vaso:<\/h2>\t\t\t\t<\/div>\n\t\t\t\t<\/div>\n\t\t\t\t<div class=\"elementor-element elementor-element-58cd468 elementor-widget elementor-widget-heading\" data-id=\"58cd468\" data-element_type=\"widget\" data-e-type=\"widget\" data-widget_type=\"heading.default\">\n\t\t\t\t<div class=\"elementor-widget-container\">\n\t\t\t\t\t<p class=\"elementor-heading-title elementor-size-default\"><b>Volume<\/b>: 1,5 L; <b>Diametro<\/b>(Superiore): 15 cm; <b>Altezza<\/b>: 18 cm<\/p>\t\t\t\t<\/div>\n\t\t\t\t<\/div>\n\t\t\t\t\t<\/div>\n\t\t<\/div>\n\t\t\t\t\t<\/div>\n\t\t<\/section>\n\t\t\t\t<\/div>\n\t\t","protected":false},"excerpt":{"rendered":"<p>I vasi di cocco sono realizzati con materiali eco-compatibili come la iuta o il cocco. Entrambi trattengono l&#8217;acqua per un periodo di tempo pi\u00f9 lungo, dando cos\u00ec pi\u00f9 umidit\u00e0 al terriccio come se fosse regolarmente annaffiato. Il fondo del vaso \u00e8 fatto di plastica riciclata e funge da serbatoio per l&#8217;acqua. I vasi possono essere<\/p>\n","protected":false},"featured_media":1375,"template":"","meta":[],"product_brand":[],"product_cat":[51],"product_tag":[53,55,54,56,57],"class_list":{"0":"post-711","1":"product","2":"type-product","3":"status-publish","4":"has-post-thumbnail","6":"product_cat-vasi-di-cocco","7":"product_tag-cocco","8":"product_tag-giardinaggio-urbano","9":"product_tag-vaso","10":"product_tag-vaso-di-erbe","11":"product_tag-vaso-di-fiori","12":"product_shipping_class-leggero","14":"first","15":"instock","16":"taxable","17":"shipping-taxable","18":"purchasable","19":"product-type-simple"},"yoast_head":"<!-- This site is optimized with the Yoast SEO plugin v27.0 - https:\/\/yoast.com\/product\/yoast-seo-wordpress\/ -->\n<title>Vaso di cocco | Bianco | Urban Planty<\/title>\n<meta name=\"robots\" content=\"index, follow, max-snippet:-1, max-image-preview:large, max-video-preview:-1\" \/>\n<link rel=\"canonical\" href=\"https:\/\/urbanplanty.com\/it\/product\/vaso-di-cocco-oliva-copy\/\" \/>\n<meta property=\"og:locale\" content=\"it_IT\" \/>\n<meta property=\"og:type\" content=\"article\" \/>\n<meta property=\"og:title\" content=\"Vaso di cocco | Bianco | Urban Planty\" \/>\n<meta property=\"og:description\" content=\"I vasi di cocco sono realizzati con materiali eco-compatibili come la iuta o il cocco. Entrambi trattengono l&#8217;acqua per un periodo di tempo pi\u00f9 lungo, dando cos\u00ec pi\u00f9 umidit\u00e0 al terriccio come se fosse regolarmente annaffiato. Il fondo del vaso \u00e8 fatto di plastica riciclata e funge da serbatoio per l&#8217;acqua. I vasi possono essere\" \/>\n<meta property=\"og:url\" content=\"https:\/\/urbanplanty.com\/it\/product\/vaso-di-cocco-oliva-copy\/\" \/>\n<meta property=\"og:site_name\" content=\"Urban Planty\" \/>\n<meta property=\"article:publisher\" content=\"https:\/\/www.facebook.com\/urbanplanty\" \/>\n<meta property=\"article:modified_time\" content=\"2021-02-08T08:18:43+00:00\" \/>\n<meta property=\"og:image\" content=\"https:\/\/urbanplanty.com\/wp-content\/uploads\/2020\/09\/Product_400x400_Coconut_Pots_Template_0006_Product_400x400_Urban_Baggie_coconut_flower_pot.jpg\" \/>\n\t<meta property=\"og:image:width\" content=\"400\" \/>\n\t<meta property=\"og:image:height\" content=\"400\" \/>\n\t<meta property=\"og:image:type\" content=\"image\/jpeg\" \/>\n<meta name=\"twitter:card\" content=\"summary_large_image\" \/>\n<meta name=\"twitter:label1\" content=\"Tempo di lettura stimato\" \/>\n\t<meta name=\"twitter:data1\" content=\"2 minuti\" \/>\n<script type=\"application\/ld+json\" class=\"yoast-schema-graph\">{\"@context\":\"https:\/\/schema.org\",\"@graph\":[{\"@type\":\"WebPage\",\"@id\":\"https:\/\/urbanplanty.com\/it\/product\/vaso-di-cocco-oliva-copy\/\",\"url\":\"https:\/\/urbanplanty.com\/it\/product\/vaso-di-cocco-oliva-copy\/\",\"name\":\"Vaso di cocco | Bianco | Urban Planty\",\"isPartOf\":{\"@id\":\"https:\/\/urbanplanty.com\/#website\"},\"primaryImageOfPage\":{\"@id\":\"https:\/\/urbanplanty.com\/it\/product\/vaso-di-cocco-oliva-copy\/#primaryimage\"},\"image\":{\"@id\":\"https:\/\/urbanplanty.com\/it\/product\/vaso-di-cocco-oliva-copy\/#primaryimage\"},\"thumbnailUrl\":\"https:\/\/urbanplanty.com\/wp-content\/uploads\/2020\/09\/Product_400x400_Coconut_Pots_Template_0006_Product_400x400_Urban_Baggie_coconut_flower_pot.jpg\",\"datePublished\":\"2020-08-14T08:58:57+00:00\",\"dateModified\":\"2021-02-08T08:18:43+00:00\",\"breadcrumb\":{\"@id\":\"https:\/\/urbanplanty.com\/it\/product\/vaso-di-cocco-oliva-copy\/#breadcrumb\"},\"inLanguage\":\"it-IT\",\"potentialAction\":[{\"@type\":\"ReadAction\",\"target\":[\"https:\/\/urbanplanty.com\/it\/product\/vaso-di-cocco-oliva-copy\/\"]}]},{\"@type\":\"ImageObject\",\"inLanguage\":\"it-IT\",\"@id\":\"https:\/\/urbanplanty.com\/it\/product\/vaso-di-cocco-oliva-copy\/#primaryimage\",\"url\":\"https:\/\/urbanplanty.com\/wp-content\/uploads\/2020\/09\/Product_400x400_Coconut_Pots_Template_0006_Product_400x400_Urban_Baggie_coconut_flower_pot.jpg\",\"contentUrl\":\"https:\/\/urbanplanty.com\/wp-content\/uploads\/2020\/09\/Product_400x400_Coconut_Pots_Template_0006_Product_400x400_Urban_Baggie_coconut_flower_pot.jpg\",\"width\":400,\"height\":400},{\"@type\":\"BreadcrumbList\",\"@id\":\"https:\/\/urbanplanty.com\/it\/product\/vaso-di-cocco-oliva-copy\/#breadcrumb\",\"itemListElement\":[{\"@type\":\"ListItem\",\"position\":1,\"name\":\"Home\",\"item\":\"https:\/\/urbanplanty.com\/it\/urban-planty-home\/\"},{\"@type\":\"ListItem\",\"position\":2,\"name\":\"Negozio\",\"item\":\"https:\/\/urbanplanty.com\/it\/negozio\/\"},{\"@type\":\"ListItem\",\"position\":3,\"name\":\"Vaso di cocco | Bianco\"}]},{\"@type\":\"WebSite\",\"@id\":\"https:\/\/urbanplanty.com\/#website\",\"url\":\"https:\/\/urbanplanty.com\/\",\"name\":\"Urban Planty\",\"description\":\"Best Vertical Garden Idea For A Tiny Space.\",\"publisher\":{\"@id\":\"https:\/\/urbanplanty.com\/#organization\"},\"potentialAction\":[{\"@type\":\"SearchAction\",\"target\":{\"@type\":\"EntryPoint\",\"urlTemplate\":\"https:\/\/urbanplanty.com\/?s={search_term_string}\"},\"query-input\":{\"@type\":\"PropertyValueSpecification\",\"valueRequired\":true,\"valueName\":\"search_term_string\"}}],\"inLanguage\":\"it-IT\"},{\"@type\":\"Organization\",\"@id\":\"https:\/\/urbanplanty.com\/#organization\",\"name\":\"Urban Planty d.o.o.\",\"alternateName\":\"Urban Planty\",\"url\":\"https:\/\/urbanplanty.com\/\",\"logo\":{\"@type\":\"ImageObject\",\"inLanguage\":\"it-IT\",\"@id\":\"https:\/\/urbanplanty.com\/#\/schema\/logo\/image\/\",\"url\":\"https:\/\/urbanplanty.com\/wp-content\/uploads\/2020\/11\/cropped-UP_favicon.jpg\",\"contentUrl\":\"https:\/\/urbanplanty.com\/wp-content\/uploads\/2020\/11\/cropped-UP_favicon.jpg\",\"width\":512,\"height\":512,\"caption\":\"Urban Planty d.o.o.\"},\"image\":{\"@id\":\"https:\/\/urbanplanty.com\/#\/schema\/logo\/image\/\"},\"sameAs\":[\"https:\/\/www.facebook.com\/urbanplanty\",\"https:\/\/www.instagram.com\/urbanplanty\/\",\"https:\/\/www.youtube.com\/@urbanplanty3786\"]}]}<\/script>\n<!-- \/ Yoast SEO plugin. -->","yoast_head_json":{"title":"Vaso di cocco | Bianco | Urban Planty","robots":{"index":"index","follow":"follow","max-snippet":"max-snippet:-1","max-image-preview":"max-image-preview:large","max-video-preview":"max-video-preview:-1"},"canonical":"https:\/\/urbanplanty.com\/it\/product\/vaso-di-cocco-oliva-copy\/","og_locale":"it_IT","og_type":"article","og_title":"Vaso di cocco | Bianco | Urban Planty","og_description":"I vasi di cocco sono realizzati con materiali eco-compatibili come la iuta o il cocco. Entrambi trattengono l&#8217;acqua per un periodo di tempo pi\u00f9 lungo, dando cos\u00ec pi\u00f9 umidit\u00e0 al terriccio come se fosse regolarmente annaffiato. Il fondo del vaso \u00e8 fatto di plastica riciclata e funge da serbatoio per l&#8217;acqua. I vasi possono essere","og_url":"https:\/\/urbanplanty.com\/it\/product\/vaso-di-cocco-oliva-copy\/","og_site_name":"Urban Planty","article_publisher":"https:\/\/www.facebook.com\/urbanplanty","article_modified_time":"2021-02-08T08:18:43+00:00","og_image":[{"width":400,"height":400,"url":"https:\/\/urbanplanty.com\/wp-content\/uploads\/2020\/09\/Product_400x400_Coconut_Pots_Template_0006_Product_400x400_Urban_Baggie_coconut_flower_pot.jpg","type":"image\/jpeg"}],"twitter_card":"summary_large_image","twitter_misc":{"Tempo di lettura stimato":"2 minuti"},"schema":{"@context":"https:\/\/schema.org","@graph":[{"@type":"WebPage","@id":"https:\/\/urbanplanty.com\/it\/product\/vaso-di-cocco-oliva-copy\/","url":"https:\/\/urbanplanty.com\/it\/product\/vaso-di-cocco-oliva-copy\/","name":"Vaso di cocco | Bianco | Urban Planty","isPartOf":{"@id":"https:\/\/urbanplanty.com\/#website"},"primaryImageOfPage":{"@id":"https:\/\/urbanplanty.com\/it\/product\/vaso-di-cocco-oliva-copy\/#primaryimage"},"image":{"@id":"https:\/\/urbanplanty.com\/it\/product\/vaso-di-cocco-oliva-copy\/#primaryimage"},"thumbnailUrl":"https:\/\/urbanplanty.com\/wp-content\/uploads\/2020\/09\/Product_400x400_Coconut_Pots_Template_0006_Product_400x400_Urban_Baggie_coconut_flower_pot.jpg","datePublished":"2020-08-14T08:58:57+00:00","dateModified":"2021-02-08T08:18:43+00:00","breadcrumb":{"@id":"https:\/\/urbanplanty.com\/it\/product\/vaso-di-cocco-oliva-copy\/#breadcrumb"},"inLanguage":"it-IT","potentialAction":[{"@type":"ReadAction","target":["https:\/\/urbanplanty.com\/it\/product\/vaso-di-cocco-oliva-copy\/"]}]},{"@type":"ImageObject","inLanguage":"it-IT","@id":"https:\/\/urbanplanty.com\/it\/product\/vaso-di-cocco-oliva-copy\/#primaryimage","url":"https:\/\/urbanplanty.com\/wp-content\/uploads\/2020\/09\/Product_400x400_Coconut_Pots_Template_0006_Product_400x400_Urban_Baggie_coconut_flower_pot.jpg","contentUrl":"https:\/\/urbanplanty.com\/wp-content\/uploads\/2020\/09\/Product_400x400_Coconut_Pots_Template_0006_Product_400x400_Urban_Baggie_coconut_flower_pot.jpg","width":400,"height":400},{"@type":"BreadcrumbList","@id":"https:\/\/urbanplanty.com\/it\/product\/vaso-di-cocco-oliva-copy\/#breadcrumb","itemListElement":[{"@type":"ListItem","position":1,"name":"Home","item":"https:\/\/urbanplanty.com\/it\/urban-planty-home\/"},{"@type":"ListItem","position":2,"name":"Negozio","item":"https:\/\/urbanplanty.com\/it\/negozio\/"},{"@type":"ListItem","position":3,"name":"Vaso di cocco | Bianco"}]},{"@type":"WebSite","@id":"https:\/\/urbanplanty.com\/#website","url":"https:\/\/urbanplanty.com\/","name":"Urban Planty","description":"Best Vertical Garden Idea For A Tiny Space.","publisher":{"@id":"https:\/\/urbanplanty.com\/#organization"},"potentialAction":[{"@type":"SearchAction","target":{"@type":"EntryPoint","urlTemplate":"https:\/\/urbanplanty.com\/?s={search_term_string}"},"query-input":{"@type":"PropertyValueSpecification","valueRequired":true,"valueName":"search_term_string"}}],"inLanguage":"it-IT"},{"@type":"Organization","@id":"https:\/\/urbanplanty.com\/#organization","name":"Urban Planty d.o.o.","alternateName":"Urban Planty","url":"https:\/\/urbanplanty.com\/","logo":{"@type":"ImageObject","inLanguage":"it-IT","@id":"https:\/\/urbanplanty.com\/#\/schema\/logo\/image\/","url":"https:\/\/urbanplanty.com\/wp-content\/uploads\/2020\/11\/cropped-UP_favicon.jpg","contentUrl":"https:\/\/urbanplanty.com\/wp-content\/uploads\/2020\/11\/cropped-UP_favicon.jpg","width":512,"height":512,"caption":"Urban Planty d.o.o."},"image":{"@id":"https:\/\/urbanplanty.com\/#\/schema\/logo\/image\/"},"sameAs":["https:\/\/www.facebook.com\/urbanplanty","https:\/\/www.instagram.com\/urbanplanty\/","https:\/\/www.youtube.com\/@urbanplanty3786"]}]}},"_links":{"self":[{"href":"https:\/\/urbanplanty.com\/it\/wp-json\/wp\/v2\/product\/711","targetHints":{"allow":["GET"]}}],"collection":[{"href":"https:\/\/urbanplanty.com\/it\/wp-json\/wp\/v2\/product"}],"about":[{"href":"https:\/\/urbanplanty.com\/it\/wp-json\/wp\/v2\/types\/product"}],"version-history":[{"count":8,"href":"https:\/\/urbanplanty.com\/it\/wp-json\/wp\/v2\/product\/711\/revisions"}],"predecessor-version":[{"id":3141,"href":"https:\/\/urbanplanty.com\/it\/wp-json\/wp\/v2\/product\/711\/revisions\/3141"}],"wp:featuredmedia":[{"embeddable":true,"href":"https:\/\/urbanplanty.com\/it\/wp-json\/wp\/v2\/media\/1375"}],"wp:attachment":[{"href":"https:\/\/urbanplanty.com\/it\/wp-json\/wp\/v2\/media?parent=711"}],"wp:term":[{"taxonomy":"product_brand","embeddable":true,"href":"https:\/\/urbanplanty.com\/it\/wp-json\/wp\/v2\/product_brand?post=711"},{"taxonomy":"product_cat","embeddable":true,"href":"https:\/\/urbanplanty.com\/it\/wp-json\/wp\/v2\/product_cat?post=711"},{"taxonomy":"product_tag","embeddable":true,"href":"https:\/\/urbanplanty.com\/it\/wp-json\/wp\/v2\/product_tag?post=711"}],"curies":[{"name":"wp","href":"https:\/\/api.w.org\/{rel}","templated":true}]}}