{"id":1180,"date":"2020-09-22T09:25:11","date_gmt":"2020-09-22T08:25:11","guid":{"rendered":"http:\/\/localhost\/wordpress%20urban%20planty\/index.php\/placila\/"},"modified":"2024-03-27T04:34:35","modified_gmt":"2024-03-27T03:34:35","slug":"placila","status":"publish","type":"page","link":"https:\/\/urbanplanty.com\/sl\/placila\/","title":{"rendered":"Pla\u010dila"},"content":{"rendered":"\t\t<div data-elementor-type=\"wp-page\" data-elementor-id=\"1180\" class=\"elementor elementor-1180 elementor-271\" data-elementor-post-type=\"page\">\n\t\t\t\t\t\t<section class=\"elementor-section elementor-top-section elementor-element elementor-element-749f09a elementor-section-boxed elementor-section-height-default elementor-section-height-default\" data-id=\"749f09a\" data-element_type=\"section\" data-e-type=\"section\">\n\t\t\t\t\t\t<div class=\"elementor-container elementor-column-gap-default\">\n\t\t\t\t\t<div class=\"elementor-column elementor-col-100 elementor-top-column elementor-element elementor-element-c9b1548\" data-id=\"c9b1548\" data-element_type=\"column\" data-e-type=\"column\">\n\t\t\t<div class=\"elementor-widget-wrap elementor-element-populated\">\n\t\t\t\t\t\t<div class=\"elementor-element elementor-element-0281b82 elementor-widget elementor-widget-heading\" data-id=\"0281b82\" data-element_type=\"widget\" data-e-type=\"widget\" data-widget_type=\"heading.default\">\n\t\t\t\t<div class=\"elementor-widget-container\">\n\t\t\t\t\t<h2 class=\"elementor-heading-title elementor-size-default\">PLA\u010cILA<\/h2>\t\t\t\t<\/div>\n\t\t\t\t<\/div>\n\t\t\t\t<div class=\"elementor-element elementor-element-01cd654 elementor-widget elementor-widget-heading\" data-id=\"01cd654\" data-element_type=\"widget\" data-e-type=\"widget\" data-widget_type=\"heading.default\">\n\t\t\t\t<div class=\"elementor-widget-container\">\n\t\t\t\t\t<h2 class=\"elementor-heading-title elementor-size-default\">Ban\u010dno nakazilo<\/h2>\t\t\t\t<\/div>\n\t\t\t\t<\/div>\n\t\t\t\t<div class=\"elementor-element elementor-element-0d23fd3 elementor-widget elementor-widget-heading\" data-id=\"0d23fd3\" data-element_type=\"widget\" data-e-type=\"widget\" data-widget_type=\"heading.default\">\n\t\t\t\t<div class=\"elementor-widget-container\">\n\t\t\t\t\t<p class=\"elementor-heading-title elementor-size-default\">\u010ce za svoje naro\u010dilo izberete \u00bbBan\u010dno nakazilo\u00ab, lahko celoten znesek naro\u010dila naka\u017eete na na\u0161 ban\u010dni ra\u010dun. Ob prejemu nakazila bomo nemudoma pri\u010deli obdelavo va\u0161ega naro\u010dila.<\/p>\t\t\t\t<\/div>\n\t\t\t\t<\/div>\n\t\t\t\t<div class=\"elementor-element elementor-element-a55429d elementor-widget elementor-widget-heading\" data-id=\"a55429d\" data-element_type=\"widget\" data-e-type=\"widget\" data-widget_type=\"heading.default\">\n\t\t\t\t<div class=\"elementor-widget-container\">\n\t\t\t\t\t<h2 class=\"elementor-heading-title elementor-size-default\">Pla\u010dilo<\/h2>\t\t\t\t<\/div>\n\t\t\t\t<\/div>\n\t\t\t\t<div class=\"elementor-element elementor-element-fc73284 elementor-widget elementor-widget-heading\" data-id=\"fc73284\" data-element_type=\"widget\" data-e-type=\"widget\" data-widget_type=\"heading.default\">\n\t\t\t\t<div class=\"elementor-widget-container\">\n\t\t\t\t\t<p class=\"elementor-heading-title elementor-size-default\">Med naro\u010danjem izberite \u00bbBan\u010dno nakazilo\u00ab. Ko potrdite naro\u010dilo, vam bomo po po\u0161ti poslali dodatne informacije o pla\u010dilu.<br><br>Nato znesek naro\u010dila preprosto naka\u017eite na na\u0161 ban\u010dni ra\u010dun. Prepri\u010dajte se, da so podatki o prejemniku nakazila to\u010dni.<br><br>Predlagamo, da na ban\u010dnem nalogu navedete ime in \u0161tevilko naro\u010dila (npr. Janez Novak 10300), namre\u010d s tem zagotovite takoj\u0161nje prepoznavanje pla\u010dila.<br><br>Takoj, ko znesek naro\u010dila prispe na na\u0161 ra\u010dun, lahko nadaljujemo z izvajanjem va\u0161ega naro\u010dila. Prosimo, upo\u0161tevajte, da prejem va\u0161ega pla\u010dila lahko zaradi razli\u010dnih dejavnikov traja tudi do 4-5 delovnih dni.\n\n <\/p>\t\t\t\t<\/div>\n\t\t\t\t<\/div>\n\t\t\t\t<div class=\"elementor-element elementor-element-4096191 elementor-widget elementor-widget-heading\" data-id=\"4096191\" data-element_type=\"widget\" data-e-type=\"widget\" data-widget_type=\"heading.default\">\n\t\t\t\t<div class=\"elementor-widget-container\">\n\t\t\t\t\t<h2 class=\"elementor-heading-title elementor-size-default\">Ban\u010dni podatki<\/h2>\t\t\t\t<\/div>\n\t\t\t\t<\/div>\n\t\t\t\t<div class=\"elementor-element elementor-element-1ff4af6 elementor-widget elementor-widget-heading\" data-id=\"1ff4af6\" data-element_type=\"widget\" data-e-type=\"widget\" data-widget_type=\"heading.default\">\n\t\t\t\t<div class=\"elementor-widget-container\">\n\t\t\t\t\t<p class=\"elementor-heading-title elementor-size-default\">Takoj, ko pla\u010dilo prispe na na\u0161 ban\u010dni ra\u010dun, bo va\u0161e naro\u010dilo pre\u0161lo v proces obdelave.\nNavedite \u0161tevilko va\u0161ega naro\u010dila in ime, pod katerim je bilo naro\u010dilo oddano (npr. Janez Novak 10300).<\/p>\t\t\t\t<\/div>\n\t\t\t\t<\/div>\n\t\t\t\t<div class=\"elementor-element elementor-element-6c90da8 elementor-widget elementor-widget-heading\" data-id=\"6c90da8\" data-element_type=\"widget\" data-e-type=\"widget\" data-widget_type=\"heading.default\">\n\t\t\t\t<div class=\"elementor-widget-container\">\n\t\t\t\t\t<p class=\"elementor-heading-title elementor-size-default\"><b>Banka<\/b>: UniCredit Banka Slovenija d.d., \u0160martinska 140, 1000 Ljubljana, Slovenia<\/p>\t\t\t\t<\/div>\n\t\t\t\t<\/div>\n\t\t\t\t<div class=\"elementor-element elementor-element-cfc344f elementor-widget elementor-widget-heading\" data-id=\"cfc344f\" data-element_type=\"widget\" data-e-type=\"widget\" data-widget_type=\"heading.default\">\n\t\t\t\t<div class=\"elementor-widget-container\">\n\t\t\t\t\t<p class=\"elementor-heading-title elementor-size-default\"><b>IBAN<\/b>: SI56 2900 0005 1517 333<\/p>\t\t\t\t<\/div>\n\t\t\t\t<\/div>\n\t\t\t\t<div class=\"elementor-element elementor-element-b4d595d elementor-widget elementor-widget-heading\" data-id=\"b4d595d\" data-element_type=\"widget\" data-e-type=\"widget\" data-widget_type=\"heading.default\">\n\t\t\t\t<div class=\"elementor-widget-container\">\n\t\t\t\t\t<p class=\"elementor-heading-title elementor-size-default\"><b>BIC (Bank Identifier Code)<\/b>: BACXSI22<\/p>\t\t\t\t<\/div>\n\t\t\t\t<\/div>\n\t\t\t\t<div class=\"elementor-element elementor-element-8bd51dd elementor-widget elementor-widget-heading\" data-id=\"8bd51dd\" data-element_type=\"widget\" data-e-type=\"widget\" data-widget_type=\"heading.default\">\n\t\t\t\t<div class=\"elementor-widget-container\">\n\t\t\t\t\t<p class=\"elementor-heading-title elementor-size-default\"><b>Prejemnik pla\u010dila:<\/b> Kojsko 4, 5211 Kojsko, Slovenija (EU)<\/p>\t\t\t\t<\/div>\n\t\t\t\t<\/div>\n\t\t\t\t<div class=\"elementor-element elementor-element-b5c7d9c elementor-widget elementor-widget-heading\" data-id=\"b5c7d9c\" data-element_type=\"widget\" data-e-type=\"widget\" data-widget_type=\"heading.default\">\n\t\t\t\t<div class=\"elementor-widget-container\">\n\t\t\t\t\t<h2 class=\"elementor-heading-title elementor-size-default\">Pla\u010dilo po povzetju<\/h2>\t\t\t\t<\/div>\n\t\t\t\t<\/div>\n\t\t\t\t<div class=\"elementor-element elementor-element-425ab8f elementor-widget elementor-widget-heading\" data-id=\"425ab8f\" data-element_type=\"widget\" data-e-type=\"widget\" data-widget_type=\"heading.default\">\n\t\t\t\t<div class=\"elementor-widget-container\">\n\t\t\t\t\t<p class=\"elementor-heading-title elementor-size-default\">Pri \u00bbpla\u010dilo po povzetju\u00ab se zara\u010duna dodatek k stro\u0161ku dostave zaradi tarif, ki jih obra\u010duna dostavni partner. Stro\u0161ki \u00bbpla\u010dila po povzetju\u00ab in same dostave niso vedno povezani s ceno va\u0161ega naro\u010dila. Tu lahko najdete vse podrobnosti o stro\u0161kih po\u0161iljanja.<br><br>Kurir vam bo zara\u010dunal ceno naro\u010dila, ko bo paket dostavljen na naslov. To pomeni, da lahko naro\u010dilo prakti\u010dno pla\u010date na poljubni lokaciji (npr. vhod v va\u0161 dom).<br><br>Upo\u0161tevajte naslednje:<br><br>\u2022 Nekdo mora biti prisoten na naslovu za dostavo, da lahko prejme in pla\u010da paket. Paket lahko naslovite tudi na drug naslov (npr. va\u0161e delovno mesto).<br><br>\u2022 Pla\u010dil po povzetju paketov ni mogo\u010de poslati s hitro po\u0161to.<\/p>\t\t\t\t<\/div>\n\t\t\t\t<\/div>\n\t\t\t\t<div class=\"elementor-element elementor-element-a7173ae elementor-widget elementor-widget-heading\" data-id=\"a7173ae\" data-element_type=\"widget\" data-e-type=\"widget\" data-widget_type=\"heading.default\">\n\t\t\t\t<div class=\"elementor-widget-container\">\n\t\t\t\t\t<h2 class=\"elementor-heading-title elementor-size-default\">Paypal<\/h2>\t\t\t\t<\/div>\n\t\t\t\t<\/div>\n\t\t\t\t<div class=\"elementor-element elementor-element-98b6d4d elementor-widget elementor-widget-heading\" data-id=\"98b6d4d\" data-element_type=\"widget\" data-e-type=\"widget\" data-widget_type=\"heading.default\">\n\t\t\t\t<div class=\"elementor-widget-container\">\n\t\t\t\t\t<p class=\"elementor-heading-title elementor-size-default\">PayPal je spletna pla\u010dilna storitev, s katero lahko denar naka\u017eete enostavno, varno in hitro. Vse, kar potrebujete, je ra\u010dun PayPal, ki deluje kot spletni ban\u010dni ra\u010dun. Registracija za PayPal je brezpla\u010dna! Kar morate storiti je le ustanoviti uporabni\u0161ki ra\u010dun, s katerim lahko varno kupujete v kateri koli spletni trgovini, ne da bi vam bilo treba vsaki\u010d znova vnesti va\u0161ih podatkov.<br><br>\u010ce \u017eelite pla\u010devati s PayPal, med naro\u010dilom izberite mo\u017enost pla\u010dila \u00bbPayPal\u00ab. Po potrditvi naro\u010dila vas bomo vodili skozi postopek pla\u010dila, ne da bi morali vna\u0161ati dodatne podatke. Takoj ko boste uspe\u0161no zaklju\u010dili postopek pla\u010dila, bo va\u0161e naro\u010dilo \u0161e naprej v obdelavi. <br><br>\u010ce med ustvarjanjem spletnega naro\u010dila niste zaklju\u010dili pla\u010dila, lahko to storite kadar koli pozneje. \u010ce \u017eelite to narediti, pojdite na \u00bbMoj ra\u010dun\u00ab, nato \u00bbNaro\u010dila\u00ab in nato kliknite \u00bb\u0160e ni pla\u010dano - pla\u010dajte zdaj\u00ab. Naro\u010dilo bo obdelano takoj, ko zaklju\u010dite pla\u010dilo.<br><br>Pla\u010dilo s PayPal je mo\u017eno tudi po telefonu ali e-po\u0161ti. Nato vam bo poslana povezava, preko katere lahko pla\u010dilo izvedete preko PayPal-a.<\/p>\t\t\t\t<\/div>\n\t\t\t\t<\/div>\n\t\t\t\t<div class=\"elementor-element elementor-element-e4bbb9d elementor-widget elementor-widget-heading\" data-id=\"e4bbb9d\" data-element_type=\"widget\" data-e-type=\"widget\" data-widget_type=\"heading.default\">\n\t\t\t\t<div class=\"elementor-widget-container\">\n\t\t\t\t\t<h2 class=\"elementor-heading-title elementor-size-default\">Braintree - Kreditne kartice<\/h2>\t\t\t\t<\/div>\n\t\t\t\t<\/div>\n\t\t\t\t<div class=\"elementor-element elementor-element-7367744 elementor-widget elementor-widget-heading\" data-id=\"7367744\" data-element_type=\"widget\" data-e-type=\"widget\" data-widget_type=\"heading.default\">\n\t\t\t\t<div class=\"elementor-widget-container\">\n\t\t\t\t\t<p class=\"elementor-heading-title elementor-size-default\">Sprejemamo naslednje kreditne kartice: Visa, MasterCard, Diners in American Express.<br><br>Med postopkom naro\u010dila izberite mo\u017enost pla\u010dila \"kreditna kartica\". Po potrditvi naro\u010dila boste preusmerjeni na stran, kjer lahko vnesete podatke o kreditni kartici. Predlagamo, da imate pri sebi podatke o kartici (izdajatelj kartice, ime lastnika kartice, \u0161tevilko kartice, datum veljavnosti in varnostno kodo). Takoj ko vnesete te podatke, bo va\u0161e naro\u010dilo \u0161e naprej v obdelavi.<\/p>\t\t\t\t<\/div>\n\t\t\t\t<\/div>\n\t\t\t\t\t<\/div>\n\t\t<\/div>\n\t\t\t\t\t<\/div>\n\t\t<\/section>\n\t\t\t\t<\/div>\n\t\t","protected":false},"excerpt":{"rendered":"<p>PLA\u010cILA Ban\u010dno nakazilo \u010ce za svoje naro\u010dilo izberete \u00bbBan\u010dno nakazilo\u00ab, lahko celoten znesek naro\u010dila naka\u017eete na na\u0161 ban\u010dni ra\u010dun. Ob prejemu nakazila bomo nemudoma pri\u010deli obdelavo va\u0161ega naro\u010dila. Pla\u010dilo Med naro\u010danjem izberite \u00bbBan\u010dno nakazilo\u00ab. Ko potrdite naro\u010dilo, vam bomo po po\u0161ti poslali dodatne informacije o pla\u010dilu. Nato znesek naro\u010dila preprosto naka\u017eite na na\u0161 ban\u010dni ra\u010dun.<\/p>\n","protected":false},"author":1,"featured_media":0,"parent":0,"menu_order":0,"comment_status":"closed","ping_status":"closed","template":"elementor_header_footer","meta":{"footnotes":""},"class_list":["post-1180","page","type-page","status-publish","hentry"],"yoast_head":"<!-- This site is optimized with the Yoast SEO plugin v27.0 - https:\/\/yoast.com\/product\/yoast-seo-wordpress\/ -->\n<title>Pla\u010dila | Best Vertical Garden Idea For A Tiny Space.<\/title>\n<meta name=\"robots\" content=\"index, follow, max-snippet:-1, max-image-preview:large, max-video-preview:-1\" \/>\n<link rel=\"canonical\" href=\"https:\/\/urbanplanty.com\/sl\/placila\/\" \/>\n<meta property=\"og:locale\" content=\"sl_SI\" \/>\n<meta property=\"og:type\" content=\"article\" \/>\n<meta property=\"og:title\" content=\"Pla\u010dila | Best Vertical Garden Idea For A Tiny Space.\" \/>\n<meta property=\"og:description\" content=\"PLA\u010cILA Ban\u010dno nakazilo \u010ce za svoje naro\u010dilo izberete \u00bbBan\u010dno nakazilo\u00ab, lahko celoten znesek naro\u010dila naka\u017eete na na\u0161 ban\u010dni ra\u010dun. Ob prejemu nakazila bomo nemudoma pri\u010deli obdelavo va\u0161ega naro\u010dila. Pla\u010dilo Med naro\u010danjem izberite \u00bbBan\u010dno nakazilo\u00ab. Ko potrdite naro\u010dilo, vam bomo po po\u0161ti poslali dodatne informacije o pla\u010dilu. Nato znesek naro\u010dila preprosto naka\u017eite na na\u0161 ban\u010dni ra\u010dun.\" \/>\n<meta property=\"og:url\" content=\"https:\/\/urbanplanty.com\/sl\/placila\/\" \/>\n<meta property=\"og:site_name\" content=\"Urban Planty\" \/>\n<meta property=\"article:publisher\" content=\"https:\/\/www.facebook.com\/urbanplanty\" \/>\n<meta property=\"article:modified_time\" content=\"2024-03-27T03:34:35+00:00\" \/>\n<meta property=\"og:image\" content=\"https:\/\/urbanplanty.com\/wp-content\/uploads\/2024\/03\/Urban-Planty-Site-Image.png\" \/>\n\t<meta property=\"og:image:width\" content=\"1200\" \/>\n\t<meta property=\"og:image:height\" content=\"675\" \/>\n\t<meta property=\"og:image:type\" content=\"image\/png\" \/>\n<meta name=\"twitter:card\" content=\"summary_large_image\" \/>\n<meta name=\"twitter:label1\" content=\"Est. reading time\" \/>\n\t<meta name=\"twitter:data1\" content=\"3 minute\" \/>\n<script type=\"application\/ld+json\" class=\"yoast-schema-graph\">{\"@context\":\"https:\/\/schema.org\",\"@graph\":[{\"@type\":\"WebPage\",\"@id\":\"https:\/\/urbanplanty.com\/sl\/placila\/\",\"url\":\"https:\/\/urbanplanty.com\/sl\/placila\/\",\"name\":\"Pla\u010dila | Best Vertical Garden Idea For A Tiny Space.\",\"isPartOf\":{\"@id\":\"https:\/\/urbanplanty.com\/#website\"},\"datePublished\":\"2020-09-22T08:25:11+00:00\",\"dateModified\":\"2024-03-27T03:34:35+00:00\",\"breadcrumb\":{\"@id\":\"https:\/\/urbanplanty.com\/sl\/placila\/#breadcrumb\"},\"inLanguage\":\"sl-SI\",\"potentialAction\":[{\"@type\":\"ReadAction\",\"target\":[\"https:\/\/urbanplanty.com\/sl\/placila\/\"]}]},{\"@type\":\"BreadcrumbList\",\"@id\":\"https:\/\/urbanplanty.com\/sl\/placila\/#breadcrumb\",\"itemListElement\":[{\"@type\":\"ListItem\",\"position\":1,\"name\":\"Home\",\"item\":\"https:\/\/urbanplanty.com\/sl\/urban-planty-home\/\"},{\"@type\":\"ListItem\",\"position\":2,\"name\":\"Pla\u010dila\"}]},{\"@type\":\"WebSite\",\"@id\":\"https:\/\/urbanplanty.com\/#website\",\"url\":\"https:\/\/urbanplanty.com\/\",\"name\":\"Urban Planty\",\"description\":\"Best Vertical Garden Idea For A Tiny Space.\",\"publisher\":{\"@id\":\"https:\/\/urbanplanty.com\/#organization\"},\"potentialAction\":[{\"@type\":\"SearchAction\",\"target\":{\"@type\":\"EntryPoint\",\"urlTemplate\":\"https:\/\/urbanplanty.com\/?s={search_term_string}\"},\"query-input\":{\"@type\":\"PropertyValueSpecification\",\"valueRequired\":true,\"valueName\":\"search_term_string\"}}],\"inLanguage\":\"sl-SI\"},{\"@type\":\"Organization\",\"@id\":\"https:\/\/urbanplanty.com\/#organization\",\"name\":\"Urban Planty d.o.o.\",\"alternateName\":\"Urban Planty\",\"url\":\"https:\/\/urbanplanty.com\/\",\"logo\":{\"@type\":\"ImageObject\",\"inLanguage\":\"sl-SI\",\"@id\":\"https:\/\/urbanplanty.com\/#\/schema\/logo\/image\/\",\"url\":\"https:\/\/urbanplanty.com\/wp-content\/uploads\/2020\/11\/cropped-UP_favicon.jpg\",\"contentUrl\":\"https:\/\/urbanplanty.com\/wp-content\/uploads\/2020\/11\/cropped-UP_favicon.jpg\",\"width\":512,\"height\":512,\"caption\":\"Urban Planty d.o.o.\"},\"image\":{\"@id\":\"https:\/\/urbanplanty.com\/#\/schema\/logo\/image\/\"},\"sameAs\":[\"https:\/\/www.facebook.com\/urbanplanty\",\"https:\/\/www.instagram.com\/urbanplanty\/\",\"https:\/\/www.youtube.com\/@urbanplanty3786\"]}]}<\/script>\n<!-- \/ Yoast SEO plugin. -->","yoast_head_json":{"title":"Pla\u010dila | Best Vertical Garden Idea For A Tiny Space.","robots":{"index":"index","follow":"follow","max-snippet":"max-snippet:-1","max-image-preview":"max-image-preview:large","max-video-preview":"max-video-preview:-1"},"canonical":"https:\/\/urbanplanty.com\/sl\/placila\/","og_locale":"sl_SI","og_type":"article","og_title":"Pla\u010dila | Best Vertical Garden Idea For A Tiny Space.","og_description":"PLA\u010cILA Ban\u010dno nakazilo \u010ce za svoje naro\u010dilo izberete \u00bbBan\u010dno nakazilo\u00ab, lahko celoten znesek naro\u010dila naka\u017eete na na\u0161 ban\u010dni ra\u010dun. Ob prejemu nakazila bomo nemudoma pri\u010deli obdelavo va\u0161ega naro\u010dila. Pla\u010dilo Med naro\u010danjem izberite \u00bbBan\u010dno nakazilo\u00ab. Ko potrdite naro\u010dilo, vam bomo po po\u0161ti poslali dodatne informacije o pla\u010dilu. Nato znesek naro\u010dila preprosto naka\u017eite na na\u0161 ban\u010dni ra\u010dun.","og_url":"https:\/\/urbanplanty.com\/sl\/placila\/","og_site_name":"Urban Planty","article_publisher":"https:\/\/www.facebook.com\/urbanplanty","article_modified_time":"2024-03-27T03:34:35+00:00","og_image":[{"width":1200,"height":675,"url":"https:\/\/urbanplanty.com\/wp-content\/uploads\/2024\/03\/Urban-Planty-Site-Image.png","type":"image\/png"}],"twitter_card":"summary_large_image","twitter_misc":{"Est. reading time":"3 minute"},"schema":{"@context":"https:\/\/schema.org","@graph":[{"@type":"WebPage","@id":"https:\/\/urbanplanty.com\/sl\/placila\/","url":"https:\/\/urbanplanty.com\/sl\/placila\/","name":"Pla\u010dila | Best Vertical Garden Idea For A Tiny Space.","isPartOf":{"@id":"https:\/\/urbanplanty.com\/#website"},"datePublished":"2020-09-22T08:25:11+00:00","dateModified":"2024-03-27T03:34:35+00:00","breadcrumb":{"@id":"https:\/\/urbanplanty.com\/sl\/placila\/#breadcrumb"},"inLanguage":"sl-SI","potentialAction":[{"@type":"ReadAction","target":["https:\/\/urbanplanty.com\/sl\/placila\/"]}]},{"@type":"BreadcrumbList","@id":"https:\/\/urbanplanty.com\/sl\/placila\/#breadcrumb","itemListElement":[{"@type":"ListItem","position":1,"name":"Home","item":"https:\/\/urbanplanty.com\/sl\/urban-planty-home\/"},{"@type":"ListItem","position":2,"name":"Pla\u010dila"}]},{"@type":"WebSite","@id":"https:\/\/urbanplanty.com\/#website","url":"https:\/\/urbanplanty.com\/","name":"Urban Planty","description":"Best Vertical Garden Idea For A Tiny Space.","publisher":{"@id":"https:\/\/urbanplanty.com\/#organization"},"potentialAction":[{"@type":"SearchAction","target":{"@type":"EntryPoint","urlTemplate":"https:\/\/urbanplanty.com\/?s={search_term_string}"},"query-input":{"@type":"PropertyValueSpecification","valueRequired":true,"valueName":"search_term_string"}}],"inLanguage":"sl-SI"},{"@type":"Organization","@id":"https:\/\/urbanplanty.com\/#organization","name":"Urban Planty d.o.o.","alternateName":"Urban Planty","url":"https:\/\/urbanplanty.com\/","logo":{"@type":"ImageObject","inLanguage":"sl-SI","@id":"https:\/\/urbanplanty.com\/#\/schema\/logo\/image\/","url":"https:\/\/urbanplanty.com\/wp-content\/uploads\/2020\/11\/cropped-UP_favicon.jpg","contentUrl":"https:\/\/urbanplanty.com\/wp-content\/uploads\/2020\/11\/cropped-UP_favicon.jpg","width":512,"height":512,"caption":"Urban Planty d.o.o."},"image":{"@id":"https:\/\/urbanplanty.com\/#\/schema\/logo\/image\/"},"sameAs":["https:\/\/www.facebook.com\/urbanplanty","https:\/\/www.instagram.com\/urbanplanty\/","https:\/\/www.youtube.com\/@urbanplanty3786"]}]}},"_links":{"self":[{"href":"https:\/\/urbanplanty.com\/sl\/wp-json\/wp\/v2\/pages\/1180","targetHints":{"allow":["GET"]}}],"collection":[{"href":"https:\/\/urbanplanty.com\/sl\/wp-json\/wp\/v2\/pages"}],"about":[{"href":"https:\/\/urbanplanty.com\/sl\/wp-json\/wp\/v2\/types\/page"}],"author":[{"embeddable":true,"href":"https:\/\/urbanplanty.com\/sl\/wp-json\/wp\/v2\/users\/1"}],"replies":[{"embeddable":true,"href":"https:\/\/urbanplanty.com\/sl\/wp-json\/wp\/v2\/comments?post=1180"}],"version-history":[{"count":2,"href":"https:\/\/urbanplanty.com\/sl\/wp-json\/wp\/v2\/pages\/1180\/revisions"}],"predecessor-version":[{"id":5736,"href":"https:\/\/urbanplanty.com\/sl\/wp-json\/wp\/v2\/pages\/1180\/revisions\/5736"}],"wp:attachment":[{"href":"https:\/\/urbanplanty.com\/sl\/wp-json\/wp\/v2\/media?parent=1180"}],"curies":[{"name":"wp","href":"https:\/\/api.w.org\/{rel}","templated":true}]}}