{"id":1109,"date":"2020-09-16T07:45:52","date_gmt":"2020-09-16T06:45:54","guid":{"rendered":"http:\/\/localhost\/wordpress%20urban%20planty\/?post_type=product&#038;p=1109"},"modified":"2020-12-17T10:50:55","modified_gmt":"2020-12-17T09:50:55","slug":"coconut-fiber-9x","status":"publish","type":"product","link":"https:\/\/urbanplanty.com\/sl\/product\/coconut-fiber-9x\/","title":{"rendered":"Kokosova vlakna | 9x"},"content":{"rendered":"<p>Kokosova vlakna imajo odli\u010dno kapaciteto zadr\u017eevanja vode, hkrati pa \u0161e vedno omogo\u010dajo njeno odtekanje in zrakoprepustnost. Ob pove\u010dani vla\u017enosti zemlje ni potrebe po vsakodnevnem zalivanj. Zmo\u017enost kro\u017eenja zraka med skozi kokosova vlakna omogo\u010da sobivanje korenin z mikroorganizmi, ki zagotavljajo vi\u0161jo kakovost zemlje in hranil. Ko korenine rastlin dose\u017eejo rob kokosovega lon\u010dka, se njihove konice zagozdijo v pore kokosovih vlaken. Korenine ne absorbirajo samo vode in hranil v zemlji, ampak tudi kisik iz ozra\u010dja. Postopek obrezovanja pove\u010duje celotno koreninsko maso v lon\u010dku. Kokosova vlakna omogo\u010dajo, da zrak ob stranicah lon\u010dka prodre v prst, ter s kombinacijo hlajenja in izhlapevanja ohranja ni\u017ejo temperaturo prsti, kar je koristno predvsem v vro\u010dih poletnih dneh, ko je rastlina izpostavljena visokim temperaturnim obremenitvam.<\/p>\n<p>&nbsp;<\/p>\n","protected":false},"excerpt":{"rendered":"<p>Kokosova vlakna imajo odli\u010dno kapaciteto zadr\u017eevanja vode, hkrati pa \u0161e vedno omogo\u010dajo njeno odtekanje in zrakoprepustnost. Ob pove\u010dani vla\u017enosti zemlje ni potrebe po vsakodnevnem zalivanj. Zmo\u017enost kro\u017eenja zraka med skozi kokosova vlakna omogo\u010da sobivanje korenin z mikroorganizmi, ki zagotavljajo vi\u0161jo kakovost zemlje in hranil. Ko korenine rastlin dose\u017eejo rob kokosovega lon\u010dka, se njihove konice zagozdijo<\/p>\n","protected":false},"featured_media":1364,"template":"","meta":[],"product_brand":[],"product_cat":[86],"product_tag":[64,60,61,63,62],"class_list":{"0":"post-1109","1":"product","2":"type-product","3":"status-publish","4":"has-post-thumbnail","6":"product_cat-rezervni-deli","7":"product_tag-cvetlicni-loncek","8":"product_tag-kokos","9":"product_tag-loncek","10":"product_tag-loncek-za-zelisca","11":"product_tag-urbano-vrtnarjenje","12":"product_shipping_class-lahek","14":"first","15":"instock","16":"taxable","17":"shipping-taxable","18":"purchasable","19":"product-type-simple"},"yoast_head":"<!-- This site is optimized with the Yoast SEO plugin v27.0 - https:\/\/yoast.com\/product\/yoast-seo-wordpress\/ -->\n<title>Kokosova vlakna | 9x | Urban Planty<\/title>\n<meta name=\"robots\" content=\"index, follow, max-snippet:-1, max-image-preview:large, max-video-preview:-1\" \/>\n<link rel=\"canonical\" href=\"https:\/\/urbanplanty.com\/sl\/product\/coconut-fiber-9x\/\" \/>\n<meta property=\"og:locale\" content=\"sl_SI\" \/>\n<meta property=\"og:type\" content=\"article\" \/>\n<meta property=\"og:title\" content=\"Kokosova vlakna | 9x | Urban Planty\" \/>\n<meta property=\"og:description\" content=\"Kokosova vlakna imajo odli\u010dno kapaciteto zadr\u017eevanja vode, hkrati pa \u0161e vedno omogo\u010dajo njeno odtekanje in zrakoprepustnost. Ob pove\u010dani vla\u017enosti zemlje ni potrebe po vsakodnevnem zalivanj. Zmo\u017enost kro\u017eenja zraka med skozi kokosova vlakna omogo\u010da sobivanje korenin z mikroorganizmi, ki zagotavljajo vi\u0161jo kakovost zemlje in hranil. Ko korenine rastlin dose\u017eejo rob kokosovega lon\u010dka, se njihove konice zagozdijo\" \/>\n<meta property=\"og:url\" content=\"https:\/\/urbanplanty.com\/sl\/product\/coconut-fiber-9x\/\" \/>\n<meta property=\"og:site_name\" content=\"Urban Planty\" \/>\n<meta property=\"article:publisher\" content=\"https:\/\/www.facebook.com\/urbanplanty\" \/>\n<meta property=\"article:modified_time\" content=\"2020-12-17T09:50:55+00:00\" \/>\n<meta property=\"og:image\" content=\"https:\/\/urbanplanty.com\/wp-content\/uploads\/2020\/09\/Product_400x400_Coconut_Pots_Template_0002_Product_400x400_Urban_Planty_Coconut_fibre_9x.jpg\" \/>\n\t<meta property=\"og:image:width\" content=\"400\" \/>\n\t<meta property=\"og:image:height\" content=\"400\" \/>\n\t<meta property=\"og:image:type\" content=\"image\/jpeg\" \/>\n<meta name=\"twitter:card\" content=\"summary_large_image\" \/>\n<meta name=\"twitter:label1\" content=\"Est. reading time\" \/>\n\t<meta name=\"twitter:data1\" content=\"1 minuta\" \/>\n<script type=\"application\/ld+json\" class=\"yoast-schema-graph\">{\"@context\":\"https:\/\/schema.org\",\"@graph\":[{\"@type\":\"WebPage\",\"@id\":\"https:\/\/urbanplanty.com\/sl\/product\/coconut-fiber-9x\/\",\"url\":\"https:\/\/urbanplanty.com\/sl\/product\/coconut-fiber-9x\/\",\"name\":\"Kokosova vlakna | 9x | Urban Planty\",\"isPartOf\":{\"@id\":\"https:\/\/urbanplanty.com\/#website\"},\"primaryImageOfPage\":{\"@id\":\"https:\/\/urbanplanty.com\/sl\/product\/coconut-fiber-9x\/#primaryimage\"},\"image\":{\"@id\":\"https:\/\/urbanplanty.com\/sl\/product\/coconut-fiber-9x\/#primaryimage\"},\"thumbnailUrl\":\"https:\/\/urbanplanty.com\/wp-content\/uploads\/2020\/09\/Product_400x400_Coconut_Pots_Template_0002_Product_400x400_Urban_Planty_Coconut_fibre_9x.jpg\",\"datePublished\":\"2020-09-16T06:45:54+00:00\",\"dateModified\":\"2020-12-17T09:50:55+00:00\",\"breadcrumb\":{\"@id\":\"https:\/\/urbanplanty.com\/sl\/product\/coconut-fiber-9x\/#breadcrumb\"},\"inLanguage\":\"sl-SI\",\"potentialAction\":[{\"@type\":\"ReadAction\",\"target\":[\"https:\/\/urbanplanty.com\/sl\/product\/coconut-fiber-9x\/\"]}]},{\"@type\":\"ImageObject\",\"inLanguage\":\"sl-SI\",\"@id\":\"https:\/\/urbanplanty.com\/sl\/product\/coconut-fiber-9x\/#primaryimage\",\"url\":\"https:\/\/urbanplanty.com\/wp-content\/uploads\/2020\/09\/Product_400x400_Coconut_Pots_Template_0002_Product_400x400_Urban_Planty_Coconut_fibre_9x.jpg\",\"contentUrl\":\"https:\/\/urbanplanty.com\/wp-content\/uploads\/2020\/09\/Product_400x400_Coconut_Pots_Template_0002_Product_400x400_Urban_Planty_Coconut_fibre_9x.jpg\",\"width\":400,\"height\":400},{\"@type\":\"BreadcrumbList\",\"@id\":\"https:\/\/urbanplanty.com\/sl\/product\/coconut-fiber-9x\/#breadcrumb\",\"itemListElement\":[{\"@type\":\"ListItem\",\"position\":1,\"name\":\"Home\",\"item\":\"https:\/\/urbanplanty.com\/sl\/urban-planty-home\/\"},{\"@type\":\"ListItem\",\"position\":2,\"name\":\"Trgovina\",\"item\":\"https:\/\/urbanplanty.com\/sl\/trgovina\/\"},{\"@type\":\"ListItem\",\"position\":3,\"name\":\"Kokosova vlakna | 9x\"}]},{\"@type\":\"WebSite\",\"@id\":\"https:\/\/urbanplanty.com\/#website\",\"url\":\"https:\/\/urbanplanty.com\/\",\"name\":\"Urban Planty\",\"description\":\"Best Vertical Garden Idea For A Tiny Space.\",\"publisher\":{\"@id\":\"https:\/\/urbanplanty.com\/#organization\"},\"potentialAction\":[{\"@type\":\"SearchAction\",\"target\":{\"@type\":\"EntryPoint\",\"urlTemplate\":\"https:\/\/urbanplanty.com\/?s={search_term_string}\"},\"query-input\":{\"@type\":\"PropertyValueSpecification\",\"valueRequired\":true,\"valueName\":\"search_term_string\"}}],\"inLanguage\":\"sl-SI\"},{\"@type\":\"Organization\",\"@id\":\"https:\/\/urbanplanty.com\/#organization\",\"name\":\"Urban Planty d.o.o.\",\"alternateName\":\"Urban Planty\",\"url\":\"https:\/\/urbanplanty.com\/\",\"logo\":{\"@type\":\"ImageObject\",\"inLanguage\":\"sl-SI\",\"@id\":\"https:\/\/urbanplanty.com\/#\/schema\/logo\/image\/\",\"url\":\"https:\/\/urbanplanty.com\/wp-content\/uploads\/2020\/11\/cropped-UP_favicon.jpg\",\"contentUrl\":\"https:\/\/urbanplanty.com\/wp-content\/uploads\/2020\/11\/cropped-UP_favicon.jpg\",\"width\":512,\"height\":512,\"caption\":\"Urban Planty d.o.o.\"},\"image\":{\"@id\":\"https:\/\/urbanplanty.com\/#\/schema\/logo\/image\/\"},\"sameAs\":[\"https:\/\/www.facebook.com\/urbanplanty\",\"https:\/\/www.instagram.com\/urbanplanty\/\",\"https:\/\/www.youtube.com\/@urbanplanty3786\"]}]}<\/script>\n<!-- \/ Yoast SEO plugin. -->","yoast_head_json":{"title":"Kokosova vlakna | 9x | Urban Planty","robots":{"index":"index","follow":"follow","max-snippet":"max-snippet:-1","max-image-preview":"max-image-preview:large","max-video-preview":"max-video-preview:-1"},"canonical":"https:\/\/urbanplanty.com\/sl\/product\/coconut-fiber-9x\/","og_locale":"sl_SI","og_type":"article","og_title":"Kokosova vlakna | 9x | Urban Planty","og_description":"Kokosova vlakna imajo odli\u010dno kapaciteto zadr\u017eevanja vode, hkrati pa \u0161e vedno omogo\u010dajo njeno odtekanje in zrakoprepustnost. Ob pove\u010dani vla\u017enosti zemlje ni potrebe po vsakodnevnem zalivanj. Zmo\u017enost kro\u017eenja zraka med skozi kokosova vlakna omogo\u010da sobivanje korenin z mikroorganizmi, ki zagotavljajo vi\u0161jo kakovost zemlje in hranil. Ko korenine rastlin dose\u017eejo rob kokosovega lon\u010dka, se njihove konice zagozdijo","og_url":"https:\/\/urbanplanty.com\/sl\/product\/coconut-fiber-9x\/","og_site_name":"Urban Planty","article_publisher":"https:\/\/www.facebook.com\/urbanplanty","article_modified_time":"2020-12-17T09:50:55+00:00","og_image":[{"width":400,"height":400,"url":"https:\/\/urbanplanty.com\/wp-content\/uploads\/2020\/09\/Product_400x400_Coconut_Pots_Template_0002_Product_400x400_Urban_Planty_Coconut_fibre_9x.jpg","type":"image\/jpeg"}],"twitter_card":"summary_large_image","twitter_misc":{"Est. reading time":"1 minuta"},"schema":{"@context":"https:\/\/schema.org","@graph":[{"@type":"WebPage","@id":"https:\/\/urbanplanty.com\/sl\/product\/coconut-fiber-9x\/","url":"https:\/\/urbanplanty.com\/sl\/product\/coconut-fiber-9x\/","name":"Kokosova vlakna | 9x | Urban Planty","isPartOf":{"@id":"https:\/\/urbanplanty.com\/#website"},"primaryImageOfPage":{"@id":"https:\/\/urbanplanty.com\/sl\/product\/coconut-fiber-9x\/#primaryimage"},"image":{"@id":"https:\/\/urbanplanty.com\/sl\/product\/coconut-fiber-9x\/#primaryimage"},"thumbnailUrl":"https:\/\/urbanplanty.com\/wp-content\/uploads\/2020\/09\/Product_400x400_Coconut_Pots_Template_0002_Product_400x400_Urban_Planty_Coconut_fibre_9x.jpg","datePublished":"2020-09-16T06:45:54+00:00","dateModified":"2020-12-17T09:50:55+00:00","breadcrumb":{"@id":"https:\/\/urbanplanty.com\/sl\/product\/coconut-fiber-9x\/#breadcrumb"},"inLanguage":"sl-SI","potentialAction":[{"@type":"ReadAction","target":["https:\/\/urbanplanty.com\/sl\/product\/coconut-fiber-9x\/"]}]},{"@type":"ImageObject","inLanguage":"sl-SI","@id":"https:\/\/urbanplanty.com\/sl\/product\/coconut-fiber-9x\/#primaryimage","url":"https:\/\/urbanplanty.com\/wp-content\/uploads\/2020\/09\/Product_400x400_Coconut_Pots_Template_0002_Product_400x400_Urban_Planty_Coconut_fibre_9x.jpg","contentUrl":"https:\/\/urbanplanty.com\/wp-content\/uploads\/2020\/09\/Product_400x400_Coconut_Pots_Template_0002_Product_400x400_Urban_Planty_Coconut_fibre_9x.jpg","width":400,"height":400},{"@type":"BreadcrumbList","@id":"https:\/\/urbanplanty.com\/sl\/product\/coconut-fiber-9x\/#breadcrumb","itemListElement":[{"@type":"ListItem","position":1,"name":"Home","item":"https:\/\/urbanplanty.com\/sl\/urban-planty-home\/"},{"@type":"ListItem","position":2,"name":"Trgovina","item":"https:\/\/urbanplanty.com\/sl\/trgovina\/"},{"@type":"ListItem","position":3,"name":"Kokosova vlakna | 9x"}]},{"@type":"WebSite","@id":"https:\/\/urbanplanty.com\/#website","url":"https:\/\/urbanplanty.com\/","name":"Urban Planty","description":"Best Vertical Garden Idea For A Tiny Space.","publisher":{"@id":"https:\/\/urbanplanty.com\/#organization"},"potentialAction":[{"@type":"SearchAction","target":{"@type":"EntryPoint","urlTemplate":"https:\/\/urbanplanty.com\/?s={search_term_string}"},"query-input":{"@type":"PropertyValueSpecification","valueRequired":true,"valueName":"search_term_string"}}],"inLanguage":"sl-SI"},{"@type":"Organization","@id":"https:\/\/urbanplanty.com\/#organization","name":"Urban Planty d.o.o.","alternateName":"Urban Planty","url":"https:\/\/urbanplanty.com\/","logo":{"@type":"ImageObject","inLanguage":"sl-SI","@id":"https:\/\/urbanplanty.com\/#\/schema\/logo\/image\/","url":"https:\/\/urbanplanty.com\/wp-content\/uploads\/2020\/11\/cropped-UP_favicon.jpg","contentUrl":"https:\/\/urbanplanty.com\/wp-content\/uploads\/2020\/11\/cropped-UP_favicon.jpg","width":512,"height":512,"caption":"Urban Planty d.o.o."},"image":{"@id":"https:\/\/urbanplanty.com\/#\/schema\/logo\/image\/"},"sameAs":["https:\/\/www.facebook.com\/urbanplanty","https:\/\/www.instagram.com\/urbanplanty\/","https:\/\/www.youtube.com\/@urbanplanty3786"]}]}},"_links":{"self":[{"href":"https:\/\/urbanplanty.com\/sl\/wp-json\/wp\/v2\/product\/1109","targetHints":{"allow":["GET"]}}],"collection":[{"href":"https:\/\/urbanplanty.com\/sl\/wp-json\/wp\/v2\/product"}],"about":[{"href":"https:\/\/urbanplanty.com\/sl\/wp-json\/wp\/v2\/types\/product"}],"version-history":[{"count":8,"href":"https:\/\/urbanplanty.com\/sl\/wp-json\/wp\/v2\/product\/1109\/revisions"}],"predecessor-version":[{"id":2897,"href":"https:\/\/urbanplanty.com\/sl\/wp-json\/wp\/v2\/product\/1109\/revisions\/2897"}],"wp:featuredmedia":[{"embeddable":true,"href":"https:\/\/urbanplanty.com\/sl\/wp-json\/wp\/v2\/media\/1364"}],"wp:attachment":[{"href":"https:\/\/urbanplanty.com\/sl\/wp-json\/wp\/v2\/media?parent=1109"}],"wp:term":[{"taxonomy":"product_brand","embeddable":true,"href":"https:\/\/urbanplanty.com\/sl\/wp-json\/wp\/v2\/product_brand?post=1109"},{"taxonomy":"product_cat","embeddable":true,"href":"https:\/\/urbanplanty.com\/sl\/wp-json\/wp\/v2\/product_cat?post=1109"},{"taxonomy":"product_tag","embeddable":true,"href":"https:\/\/urbanplanty.com\/sl\/wp-json\/wp\/v2\/product_tag?post=1109"}],"curies":[{"name":"wp","href":"https:\/\/api.w.org\/{rel}","templated":true}]}}