{"id":720,"date":"2020-08-14T09:06:15","date_gmt":"2020-08-14T09:06:16","guid":{"rendered":"http:\/\/localhost\/wordpress%20urban%20planty\/?post_type=product&#038;p=720"},"modified":"2020-12-17T10:44:38","modified_gmt":"2020-12-17T09:44:38","slug":"coconut-pots-tripple-set","status":"publish","type":"product","link":"https:\/\/urbanplanty.com\/sl\/product\/coconut-pots-tripple-set\/","title":{"rendered":"Kokosovi lon\u010dki | Tripple Set"},"content":{"rendered":"\t\t<div data-elementor-type=\"product-post\" data-elementor-id=\"720\" class=\"elementor elementor-720 elementor-718\" data-elementor-post-type=\"product\">\n\t\t\t\t\t\t<section class=\"elementor-section elementor-top-section elementor-element elementor-element-9de87f6 elementor-section-boxed elementor-section-height-default elementor-section-height-default\" data-id=\"9de87f6\" data-element_type=\"section\" data-e-type=\"section\">\n\t\t\t\t\t\t<div class=\"elementor-container elementor-column-gap-default\">\n\t\t\t\t\t<div class=\"elementor-column elementor-col-100 elementor-top-column elementor-element elementor-element-39339f5\" data-id=\"39339f5\" data-element_type=\"column\" data-e-type=\"column\">\n\t\t\t<div class=\"elementor-widget-wrap elementor-element-populated\">\n\t\t\t\t\t\t<div class=\"elementor-element elementor-element-4e62a7d elementor-widget elementor-widget-heading\" data-id=\"4e62a7d\" data-element_type=\"widget\" data-e-type=\"widget\" data-widget_type=\"heading.default\">\n\t\t\t\t<div class=\"elementor-widget-container\">\n\t\t\t\t\t<p class=\"elementor-heading-title elementor-size-default\">Kokosovi lon\u010dki, ki so del Urban Planty vertikalnega vrta, so narejeni iz okolju prijaznih materialov, kot so kokosova vlakna. Zaradi strukture in prepletenosti vlaken zadr\u017eijo vodo dlje \u010dasa in tako prispevajo k ve\u010dji vla\u017enosti zemlje ter manj\u0161i potrebi po vsakodnevnem zalivanju. Dno lon\u010dka je narejeno iz reciklirane plastike in deluje kot rezervoar za vodo (3 dcl). Lahko jih uporabljamo za vzgojo zeli\u0161\u010d, di\u0161avnic, ro\u017e, orhidej in izbrane zelenjave.<\/p>\t\t\t\t<\/div>\n\t\t\t\t<\/div>\n\t\t\t\t<div class=\"elementor-element elementor-element-164bb8c elementor-widget elementor-widget-heading\" data-id=\"164bb8c\" data-element_type=\"widget\" data-e-type=\"widget\" data-widget_type=\"heading.default\">\n\t\t\t\t<div class=\"elementor-widget-container\">\n\t\t\t\t\t<h2 class=\"elementor-heading-title elementor-size-default\"><b>Lahko jih uporabljamo za vzgojo zeli\u0161\u010d, di\u0161avnic, ro\u017e, orhidej in izbrane zelenjave.<\/b><\/h2>\t\t\t\t<\/div>\n\t\t\t\t<\/div>\n\t\t\t\t<div class=\"elementor-element elementor-element-a3052e0 elementor-widget elementor-widget-image\" data-id=\"a3052e0\" data-element_type=\"widget\" data-e-type=\"widget\" data-widget_type=\"image.default\">\n\t\t\t\t<div class=\"elementor-widget-container\">\n\t\t\t\t\t\t\t\t\t\t\t\t\t\t\t<img fetchpriority=\"high\" decoding=\"async\" width=\"640\" height=\"427\" src=\"https:\/\/urbanplanty.com\/wp-content\/uploads\/2020\/08\/Coconut_pots_kitchen.jpeg\" class=\"attachment-large size-large wp-image-526\" alt=\"\" \/>\t\t\t\t\t\t\t\t\t\t\t\t\t\t\t<\/div>\n\t\t\t\t<\/div>\n\t\t\t\t<div class=\"elementor-element elementor-element-64c68d2 elementor-widget elementor-widget-heading\" data-id=\"64c68d2\" data-element_type=\"widget\" data-e-type=\"widget\" data-widget_type=\"heading.default\">\n\t\t\t\t<div class=\"elementor-widget-container\">\n\t\t\t\t\t<h1 class=\"elementor-heading-title elementor-size-default\"><b>5 DEJSTEV<\/b> ZAKAJ SO KOKOSOVI LON\u010cKI <b>BOLJ\u0160I<\/b> OD DRUGIH VRST LON\u010cKOV ZA VZGOJO RASTLIN!<\/h1>\t\t\t\t<\/div>\n\t\t\t\t<\/div>\n\t\t\t\t<section class=\"elementor-section elementor-inner-section elementor-element elementor-element-2d9d561 elementor-section-boxed elementor-section-height-default elementor-section-height-default\" data-id=\"2d9d561\" data-element_type=\"section\" data-e-type=\"section\">\n\t\t\t\t\t\t<div class=\"elementor-container elementor-column-gap-default\">\n\t\t\t\t\t<div class=\"elementor-column elementor-col-50 elementor-inner-column elementor-element elementor-element-781ba72\" data-id=\"781ba72\" data-element_type=\"column\" data-e-type=\"column\">\n\t\t\t<div class=\"elementor-widget-wrap elementor-element-populated\">\n\t\t\t\t\t\t<div class=\"elementor-element elementor-element-bc10bfe elementor-widget elementor-widget-image\" data-id=\"bc10bfe\" data-element_type=\"widget\" data-e-type=\"widget\" data-widget_type=\"image.default\">\n\t\t\t\t<div class=\"elementor-widget-container\">\n\t\t\t\t\t\t\t\t\t\t\t\t\t\t\t<img decoding=\"async\" width=\"533\" height=\"800\" src=\"https:\/\/urbanplanty.com\/wp-content\/uploads\/2020\/07\/Coconut_pot_assembly_orchids_urban_planty.png\" class=\"attachment-large size-large wp-image-348\" alt=\"\" srcset=\"https:\/\/urbanplanty.com\/wp-content\/uploads\/2020\/07\/Coconut_pot_assembly_orchids_urban_planty.png 533w, https:\/\/urbanplanty.com\/wp-content\/uploads\/2020\/07\/Coconut_pot_assembly_orchids_urban_planty-200x300.png 200w\" sizes=\"(max-width: 533px) 100vw, 533px\" \/>\t\t\t\t\t\t\t\t\t\t\t\t\t\t\t<\/div>\n\t\t\t\t<\/div>\n\t\t\t\t\t<\/div>\n\t\t<\/div>\n\t\t\t\t<div class=\"elementor-column elementor-col-50 elementor-inner-column elementor-element elementor-element-eea712d\" data-id=\"eea712d\" data-element_type=\"column\" data-e-type=\"column\">\n\t\t\t<div class=\"elementor-widget-wrap elementor-element-populated\">\n\t\t\t\t\t\t<div class=\"elementor-element elementor-element-44c2f9e elementor-widget elementor-widget-heading\" data-id=\"44c2f9e\" data-element_type=\"widget\" data-e-type=\"widget\" data-widget_type=\"heading.default\">\n\t\t\t\t<div class=\"elementor-widget-container\">\n\t\t\t\t\t<h3 class=\"elementor-heading-title elementor-size-default\"><b>1) Drena\u017ea pomaga za\u0161\u010dititi ob\u010dutljive korenine <\/b><\/h3>\t\t\t\t<\/div>\n\t\t\t\t<\/div>\n\t\t\t\t<div class=\"elementor-element elementor-element-f82981c elementor-widget elementor-widget-heading\" data-id=\"f82981c\" data-element_type=\"widget\" data-e-type=\"widget\" data-widget_type=\"heading.default\">\n\t\t\t\t<div class=\"elementor-widget-container\">\n\t\t\t\t\t<p class=\"elementor-heading-title elementor-size-default\">Odve\u010dna voda zlahka odte\u010de v rezervoar za vodo in ohranja vlago na idealni ravni za zdravo rast rastlin. Temu primerno pomaga za\u0161\u010dititi korenine pred gnitjem, glivicami in bakterijami.<\/p>\t\t\t\t<\/div>\n\t\t\t\t<\/div>\n\t\t\t\t<div class=\"elementor-element elementor-element-561d89d elementor-widget elementor-widget-heading\" data-id=\"561d89d\" data-element_type=\"widget\" data-e-type=\"widget\" data-widget_type=\"heading.default\">\n\t\t\t\t<div class=\"elementor-widget-container\">\n\t\t\t\t\t<p class=\"elementor-heading-title elementor-size-default\"><b>2) Zna\u010dilnost kokosovih vlaken pri zadr\u017eevanju vode<\/b><\/p>\t\t\t\t<\/div>\n\t\t\t\t<\/div>\n\t\t\t\t<div class=\"elementor-element elementor-element-ed463c8 elementor-widget elementor-widget-heading\" data-id=\"ed463c8\" data-element_type=\"widget\" data-e-type=\"widget\" data-widget_type=\"heading.default\">\n\t\t\t\t<div class=\"elementor-widget-container\">\n\t\t\t\t\t<p class=\"elementor-heading-title elementor-size-default\">Kokosova vlakna imajo odli\u010dno kapaciteto zadr\u017eevanja vode, hkrati pa \u0161e vedno omogo\u010dajo njeno odtekanje in zrakoprepustnost. Ob pove\u010dani vla\u017enosti zemlje ni potrebe po vsakodnevnem zalivanj.<\/p>\t\t\t\t<\/div>\n\t\t\t\t<\/div>\n\t\t\t\t<div class=\"elementor-element elementor-element-b22d521 elementor-widget elementor-widget-heading\" data-id=\"b22d521\" data-element_type=\"widget\" data-e-type=\"widget\" data-widget_type=\"heading.default\">\n\t\t\t\t<div class=\"elementor-widget-container\">\n\t\t\t\t\t<p class=\"elementor-heading-title elementor-size-default\"><b>3) Prepustnost zraka in struktura koreninskega sistema<\/b><\/p>\t\t\t\t<\/div>\n\t\t\t\t<\/div>\n\t\t\t\t<div class=\"elementor-element elementor-element-f8ccb14 elementor-widget elementor-widget-heading\" data-id=\"f8ccb14\" data-element_type=\"widget\" data-e-type=\"widget\" data-widget_type=\"heading.default\">\n\t\t\t\t<div class=\"elementor-widget-container\">\n\t\t\t\t\t<p class=\"elementor-heading-title elementor-size-default\">\nZmo\u017enost kro\u017eenja zraka med skozi kokosova vlakna omogo\u010da sobivanje korenin z mikroorganizmi, ki zagotavljajo vi\u0161jo kakovost zemlje in hranil. Ko korenine rastlin dose\u017eejo rob kokosovega lon\u010dka, se njihove konice zagozdijo v pore kokosovih vlaken. Korenine ne absorbirajo samo vode in hranil v zemlji, ampak tudi kisik iz ozra\u010dja. Posledi\u010dno se lahko koreninski sistem razvit v porah kokosovih vlaken obrezuje na rastlini prijazen in naraven na\u010din. Postopek obrezovanja pove\u010duje celotno koreninsko maso v lon\u010dku. <\/p>\t\t\t\t<\/div>\n\t\t\t\t<\/div>\n\t\t\t\t<div class=\"elementor-element elementor-element-736c1e7 elementor-widget elementor-widget-heading\" data-id=\"736c1e7\" data-element_type=\"widget\" data-e-type=\"widget\" data-widget_type=\"heading.default\">\n\t\t\t\t<div class=\"elementor-widget-container\">\n\t\t\t\t\t<p class=\"elementor-heading-title elementor-size-default\"><b>4) Nadzor nad temperaturo<\/b><\/p>\t\t\t\t<\/div>\n\t\t\t\t<\/div>\n\t\t\t\t<div class=\"elementor-element elementor-element-1aabfd2 elementor-widget elementor-widget-heading\" data-id=\"1aabfd2\" data-element_type=\"widget\" data-e-type=\"widget\" data-widget_type=\"heading.default\">\n\t\t\t\t<div class=\"elementor-widget-container\">\n\t\t\t\t\t<p class=\"elementor-heading-title elementor-size-default\">Kokosova vlakna omogo\u010dajo, da zrak ob stranicah lon\u010dka prodre v prst, ter s kombinacijo hlajenja in izhlapevanja ohranja ni\u017ejo temperaturo prsti, kar je koristno predvsem v vro\u010dih poletnih dneh, ko je rastlina izpostavljena visokim temperaturnim obremenitvam.<\/p>\t\t\t\t<\/div>\n\t\t\t\t<\/div>\n\t\t\t\t<div class=\"elementor-element elementor-element-31150ab elementor-widget elementor-widget-heading\" data-id=\"31150ab\" data-element_type=\"widget\" data-e-type=\"widget\" data-widget_type=\"heading.default\">\n\t\t\t\t<div class=\"elementor-widget-container\">\n\t\t\t\t\t<p class=\"elementor-heading-title elementor-size-default\"><b>5) Korenine imajo neposreden dostop do vodnega rezervoarja<\/b><\/p>\t\t\t\t<\/div>\n\t\t\t\t<\/div>\n\t\t\t\t<div class=\"elementor-element elementor-element-db9b19e elementor-widget elementor-widget-heading\" data-id=\"db9b19e\" data-element_type=\"widget\" data-e-type=\"widget\" data-widget_type=\"heading.default\">\n\t\t\t\t<div class=\"elementor-widget-container\">\n\t\t\t\t\t<p class=\"elementor-heading-title elementor-size-default\">Zalivanje z uporabo rezervoarja za vodo ne zahteva uporabe dodatnih podstavkov. Odprtini na zaklepnem delu rezervoarja zagotavljata odtok odve\u010dne vode. <\/p>\t\t\t\t<\/div>\n\t\t\t\t<\/div>\n\t\t\t\t\t<\/div>\n\t\t<\/div>\n\t\t\t\t\t<\/div>\n\t\t<\/section>\n\t\t\t\t<div class=\"elementor-element elementor-element-093f923 elementor-widget elementor-widget-image\" data-id=\"093f923\" data-element_type=\"widget\" data-e-type=\"widget\" data-widget_type=\"image.default\">\n\t\t\t\t<div class=\"elementor-widget-container\">\n\t\t\t\t\t\t\t\t\t\t\t\t\t\t\t<img decoding=\"async\" width=\"640\" height=\"427\" src=\"https:\/\/urbanplanty.com\/wp-content\/uploads\/2020\/08\/H715_tripple_baggie.jpg\" class=\"attachment-large size-large wp-image-529\" alt=\"\" \/>\t\t\t\t\t\t\t\t\t\t\t\t\t\t\t<\/div>\n\t\t\t\t<\/div>\n\t\t\t\t<div class=\"elementor-element elementor-element-39212d5 elementor-widget elementor-widget-heading\" data-id=\"39212d5\" data-element_type=\"widget\" data-e-type=\"widget\" data-widget_type=\"heading.default\">\n\t\t\t\t<div class=\"elementor-widget-container\">\n\t\t\t\t\t<h2 class=\"elementor-heading-title elementor-size-default\">Dimenzije lon\u010dkov:<\/h2>\t\t\t\t<\/div>\n\t\t\t\t<\/div>\n\t\t\t\t<div class=\"elementor-element elementor-element-58cd468 elementor-widget elementor-widget-heading\" data-id=\"58cd468\" data-element_type=\"widget\" data-e-type=\"widget\" data-widget_type=\"heading.default\">\n\t\t\t\t<div class=\"elementor-widget-container\">\n\t\t\t\t\t<p class=\"elementor-heading-title elementor-size-default\"><b>Volumen<\/b>: 1,5 L; <b>Premer<\/b>(zgornji): 15 cm; <b>Vi\u0161ina<\/b>: 18 cm<\/p>\t\t\t\t<\/div>\n\t\t\t\t<\/div>\n\t\t\t\t\t<\/div>\n\t\t<\/div>\n\t\t\t\t\t<\/div>\n\t\t<\/section>\n\t\t\t\t<\/div>\n\t\t","protected":false},"excerpt":{"rendered":"<p>Kokosovi lon\u010dki, ki so del Urban Planty vertikalnega vrta, so narejeni iz okolju prijaznih materialov, kot so kokosova vlakna. Zaradi strukture in prepletenosti vlaken zadr\u017eijo vodo dlje \u010dasa in tako prispevajo k ve\u010dji vla\u017enosti zemlje ter manj\u0161i potrebi po vsakodnevnem zalivanju. Dno lon\u010dka je narejeno iz reciklirane plastike in deluje kot rezervoar za vodo (3<\/p>\n","protected":false},"featured_media":1367,"template":"","meta":[],"product_brand":[],"product_cat":[58],"product_tag":[64,60,61,63,62],"class_list":{"0":"post-720","1":"product","2":"type-product","3":"status-publish","4":"has-post-thumbnail","6":"product_cat-kokosovi-loncki","7":"product_tag-cvetlicni-loncek","8":"product_tag-kokos","9":"product_tag-loncek","10":"product_tag-loncek-za-zelisca","11":"product_tag-urbano-vrtnarjenje","12":"product_shipping_class-lahek","14":"first","15":"instock","16":"taxable","17":"shipping-taxable","18":"purchasable","19":"product-type-simple"},"yoast_head":"<!-- This site is optimized with the Yoast SEO plugin v27.0 - https:\/\/yoast.com\/product\/yoast-seo-wordpress\/ -->\n<title>Kokosovi lon\u010dki | Tripple Set | Urban Planty<\/title>\n<meta name=\"robots\" content=\"index, follow, max-snippet:-1, max-image-preview:large, max-video-preview:-1\" \/>\n<link rel=\"canonical\" href=\"https:\/\/urbanplanty.com\/sl\/product\/coconut-pots-tripple-set\/\" \/>\n<meta property=\"og:locale\" content=\"sl_SI\" \/>\n<meta property=\"og:type\" content=\"article\" \/>\n<meta property=\"og:title\" content=\"Kokosovi lon\u010dki | Tripple Set | Urban Planty\" \/>\n<meta property=\"og:description\" content=\"Kokosovi lon\u010dki, ki so del Urban Planty vertikalnega vrta, so narejeni iz okolju prijaznih materialov, kot so kokosova vlakna. Zaradi strukture in prepletenosti vlaken zadr\u017eijo vodo dlje \u010dasa in tako prispevajo k ve\u010dji vla\u017enosti zemlje ter manj\u0161i potrebi po vsakodnevnem zalivanju. Dno lon\u010dka je narejeno iz reciklirane plastike in deluje kot rezervoar za vodo (3\" \/>\n<meta property=\"og:url\" content=\"https:\/\/urbanplanty.com\/sl\/product\/coconut-pots-tripple-set\/\" \/>\n<meta property=\"og:site_name\" content=\"Urban Planty\" \/>\n<meta property=\"article:publisher\" content=\"https:\/\/www.facebook.com\/urbanplanty\" \/>\n<meta property=\"article:modified_time\" content=\"2020-12-17T09:44:38+00:00\" \/>\n<meta property=\"og:image\" content=\"https:\/\/urbanplanty.com\/wp-content\/uploads\/2020\/09\/Product_400x400_Coconut_Pots_Template_0003_Product_400x400_Urban_Baggie_coconut_flower_pot_triple.jpg\" \/>\n\t<meta property=\"og:image:width\" content=\"400\" \/>\n\t<meta property=\"og:image:height\" content=\"400\" \/>\n\t<meta property=\"og:image:type\" content=\"image\/jpeg\" \/>\n<meta name=\"twitter:card\" content=\"summary_large_image\" \/>\n<meta name=\"twitter:label1\" content=\"Est. reading time\" \/>\n\t<meta name=\"twitter:data1\" content=\"2 minuti\" \/>\n<script type=\"application\/ld+json\" class=\"yoast-schema-graph\">{\"@context\":\"https:\/\/schema.org\",\"@graph\":[{\"@type\":\"WebPage\",\"@id\":\"https:\/\/urbanplanty.com\/sl\/product\/coconut-pots-tripple-set\/\",\"url\":\"https:\/\/urbanplanty.com\/sl\/product\/coconut-pots-tripple-set\/\",\"name\":\"Kokosovi lon\u010dki | Tripple Set | Urban Planty\",\"isPartOf\":{\"@id\":\"https:\/\/urbanplanty.com\/#website\"},\"primaryImageOfPage\":{\"@id\":\"https:\/\/urbanplanty.com\/sl\/product\/coconut-pots-tripple-set\/#primaryimage\"},\"image\":{\"@id\":\"https:\/\/urbanplanty.com\/sl\/product\/coconut-pots-tripple-set\/#primaryimage\"},\"thumbnailUrl\":\"https:\/\/urbanplanty.com\/wp-content\/uploads\/2020\/09\/Product_400x400_Coconut_Pots_Template_0003_Product_400x400_Urban_Baggie_coconut_flower_pot_triple.jpg\",\"datePublished\":\"2020-08-14T09:06:16+00:00\",\"dateModified\":\"2020-12-17T09:44:38+00:00\",\"breadcrumb\":{\"@id\":\"https:\/\/urbanplanty.com\/sl\/product\/coconut-pots-tripple-set\/#breadcrumb\"},\"inLanguage\":\"sl-SI\",\"potentialAction\":[{\"@type\":\"ReadAction\",\"target\":[\"https:\/\/urbanplanty.com\/sl\/product\/coconut-pots-tripple-set\/\"]}]},{\"@type\":\"ImageObject\",\"inLanguage\":\"sl-SI\",\"@id\":\"https:\/\/urbanplanty.com\/sl\/product\/coconut-pots-tripple-set\/#primaryimage\",\"url\":\"https:\/\/urbanplanty.com\/wp-content\/uploads\/2020\/09\/Product_400x400_Coconut_Pots_Template_0003_Product_400x400_Urban_Baggie_coconut_flower_pot_triple.jpg\",\"contentUrl\":\"https:\/\/urbanplanty.com\/wp-content\/uploads\/2020\/09\/Product_400x400_Coconut_Pots_Template_0003_Product_400x400_Urban_Baggie_coconut_flower_pot_triple.jpg\",\"width\":400,\"height\":400},{\"@type\":\"BreadcrumbList\",\"@id\":\"https:\/\/urbanplanty.com\/sl\/product\/coconut-pots-tripple-set\/#breadcrumb\",\"itemListElement\":[{\"@type\":\"ListItem\",\"position\":1,\"name\":\"Home\",\"item\":\"https:\/\/urbanplanty.com\/sl\/urban-planty-home\/\"},{\"@type\":\"ListItem\",\"position\":2,\"name\":\"Trgovina\",\"item\":\"https:\/\/urbanplanty.com\/sl\/trgovina\/\"},{\"@type\":\"ListItem\",\"position\":3,\"name\":\"Kokosovi lon\u010dki | Tripple Set\"}]},{\"@type\":\"WebSite\",\"@id\":\"https:\/\/urbanplanty.com\/#website\",\"url\":\"https:\/\/urbanplanty.com\/\",\"name\":\"Urban Planty\",\"description\":\"Best Vertical Garden Idea For A Tiny Space.\",\"publisher\":{\"@id\":\"https:\/\/urbanplanty.com\/#organization\"},\"potentialAction\":[{\"@type\":\"SearchAction\",\"target\":{\"@type\":\"EntryPoint\",\"urlTemplate\":\"https:\/\/urbanplanty.com\/?s={search_term_string}\"},\"query-input\":{\"@type\":\"PropertyValueSpecification\",\"valueRequired\":true,\"valueName\":\"search_term_string\"}}],\"inLanguage\":\"sl-SI\"},{\"@type\":\"Organization\",\"@id\":\"https:\/\/urbanplanty.com\/#organization\",\"name\":\"Urban Planty d.o.o.\",\"alternateName\":\"Urban Planty\",\"url\":\"https:\/\/urbanplanty.com\/\",\"logo\":{\"@type\":\"ImageObject\",\"inLanguage\":\"sl-SI\",\"@id\":\"https:\/\/urbanplanty.com\/#\/schema\/logo\/image\/\",\"url\":\"https:\/\/urbanplanty.com\/wp-content\/uploads\/2020\/11\/cropped-UP_favicon.jpg\",\"contentUrl\":\"https:\/\/urbanplanty.com\/wp-content\/uploads\/2020\/11\/cropped-UP_favicon.jpg\",\"width\":512,\"height\":512,\"caption\":\"Urban Planty d.o.o.\"},\"image\":{\"@id\":\"https:\/\/urbanplanty.com\/#\/schema\/logo\/image\/\"},\"sameAs\":[\"https:\/\/www.facebook.com\/urbanplanty\",\"https:\/\/www.instagram.com\/urbanplanty\/\",\"https:\/\/www.youtube.com\/@urbanplanty3786\"]}]}<\/script>\n<!-- \/ Yoast SEO plugin. -->","yoast_head_json":{"title":"Kokosovi lon\u010dki | Tripple Set | Urban Planty","robots":{"index":"index","follow":"follow","max-snippet":"max-snippet:-1","max-image-preview":"max-image-preview:large","max-video-preview":"max-video-preview:-1"},"canonical":"https:\/\/urbanplanty.com\/sl\/product\/coconut-pots-tripple-set\/","og_locale":"sl_SI","og_type":"article","og_title":"Kokosovi lon\u010dki | Tripple Set | Urban Planty","og_description":"Kokosovi lon\u010dki, ki so del Urban Planty vertikalnega vrta, so narejeni iz okolju prijaznih materialov, kot so kokosova vlakna. Zaradi strukture in prepletenosti vlaken zadr\u017eijo vodo dlje \u010dasa in tako prispevajo k ve\u010dji vla\u017enosti zemlje ter manj\u0161i potrebi po vsakodnevnem zalivanju. Dno lon\u010dka je narejeno iz reciklirane plastike in deluje kot rezervoar za vodo (3","og_url":"https:\/\/urbanplanty.com\/sl\/product\/coconut-pots-tripple-set\/","og_site_name":"Urban Planty","article_publisher":"https:\/\/www.facebook.com\/urbanplanty","article_modified_time":"2020-12-17T09:44:38+00:00","og_image":[{"width":400,"height":400,"url":"https:\/\/urbanplanty.com\/wp-content\/uploads\/2020\/09\/Product_400x400_Coconut_Pots_Template_0003_Product_400x400_Urban_Baggie_coconut_flower_pot_triple.jpg","type":"image\/jpeg"}],"twitter_card":"summary_large_image","twitter_misc":{"Est. reading time":"2 minuti"},"schema":{"@context":"https:\/\/schema.org","@graph":[{"@type":"WebPage","@id":"https:\/\/urbanplanty.com\/sl\/product\/coconut-pots-tripple-set\/","url":"https:\/\/urbanplanty.com\/sl\/product\/coconut-pots-tripple-set\/","name":"Kokosovi lon\u010dki | Tripple Set | Urban Planty","isPartOf":{"@id":"https:\/\/urbanplanty.com\/#website"},"primaryImageOfPage":{"@id":"https:\/\/urbanplanty.com\/sl\/product\/coconut-pots-tripple-set\/#primaryimage"},"image":{"@id":"https:\/\/urbanplanty.com\/sl\/product\/coconut-pots-tripple-set\/#primaryimage"},"thumbnailUrl":"https:\/\/urbanplanty.com\/wp-content\/uploads\/2020\/09\/Product_400x400_Coconut_Pots_Template_0003_Product_400x400_Urban_Baggie_coconut_flower_pot_triple.jpg","datePublished":"2020-08-14T09:06:16+00:00","dateModified":"2020-12-17T09:44:38+00:00","breadcrumb":{"@id":"https:\/\/urbanplanty.com\/sl\/product\/coconut-pots-tripple-set\/#breadcrumb"},"inLanguage":"sl-SI","potentialAction":[{"@type":"ReadAction","target":["https:\/\/urbanplanty.com\/sl\/product\/coconut-pots-tripple-set\/"]}]},{"@type":"ImageObject","inLanguage":"sl-SI","@id":"https:\/\/urbanplanty.com\/sl\/product\/coconut-pots-tripple-set\/#primaryimage","url":"https:\/\/urbanplanty.com\/wp-content\/uploads\/2020\/09\/Product_400x400_Coconut_Pots_Template_0003_Product_400x400_Urban_Baggie_coconut_flower_pot_triple.jpg","contentUrl":"https:\/\/urbanplanty.com\/wp-content\/uploads\/2020\/09\/Product_400x400_Coconut_Pots_Template_0003_Product_400x400_Urban_Baggie_coconut_flower_pot_triple.jpg","width":400,"height":400},{"@type":"BreadcrumbList","@id":"https:\/\/urbanplanty.com\/sl\/product\/coconut-pots-tripple-set\/#breadcrumb","itemListElement":[{"@type":"ListItem","position":1,"name":"Home","item":"https:\/\/urbanplanty.com\/sl\/urban-planty-home\/"},{"@type":"ListItem","position":2,"name":"Trgovina","item":"https:\/\/urbanplanty.com\/sl\/trgovina\/"},{"@type":"ListItem","position":3,"name":"Kokosovi lon\u010dki | Tripple Set"}]},{"@type":"WebSite","@id":"https:\/\/urbanplanty.com\/#website","url":"https:\/\/urbanplanty.com\/","name":"Urban Planty","description":"Best Vertical Garden Idea For A Tiny Space.","publisher":{"@id":"https:\/\/urbanplanty.com\/#organization"},"potentialAction":[{"@type":"SearchAction","target":{"@type":"EntryPoint","urlTemplate":"https:\/\/urbanplanty.com\/?s={search_term_string}"},"query-input":{"@type":"PropertyValueSpecification","valueRequired":true,"valueName":"search_term_string"}}],"inLanguage":"sl-SI"},{"@type":"Organization","@id":"https:\/\/urbanplanty.com\/#organization","name":"Urban Planty d.o.o.","alternateName":"Urban Planty","url":"https:\/\/urbanplanty.com\/","logo":{"@type":"ImageObject","inLanguage":"sl-SI","@id":"https:\/\/urbanplanty.com\/#\/schema\/logo\/image\/","url":"https:\/\/urbanplanty.com\/wp-content\/uploads\/2020\/11\/cropped-UP_favicon.jpg","contentUrl":"https:\/\/urbanplanty.com\/wp-content\/uploads\/2020\/11\/cropped-UP_favicon.jpg","width":512,"height":512,"caption":"Urban Planty d.o.o."},"image":{"@id":"https:\/\/urbanplanty.com\/#\/schema\/logo\/image\/"},"sameAs":["https:\/\/www.facebook.com\/urbanplanty","https:\/\/www.instagram.com\/urbanplanty\/","https:\/\/www.youtube.com\/@urbanplanty3786"]}]}},"_links":{"self":[{"href":"https:\/\/urbanplanty.com\/sl\/wp-json\/wp\/v2\/product\/720","targetHints":{"allow":["GET"]}}],"collection":[{"href":"https:\/\/urbanplanty.com\/sl\/wp-json\/wp\/v2\/product"}],"about":[{"href":"https:\/\/urbanplanty.com\/sl\/wp-json\/wp\/v2\/types\/product"}],"version-history":[{"count":7,"href":"https:\/\/urbanplanty.com\/sl\/wp-json\/wp\/v2\/product\/720\/revisions"}],"predecessor-version":[{"id":2886,"href":"https:\/\/urbanplanty.com\/sl\/wp-json\/wp\/v2\/product\/720\/revisions\/2886"}],"wp:featuredmedia":[{"embeddable":true,"href":"https:\/\/urbanplanty.com\/sl\/wp-json\/wp\/v2\/media\/1367"}],"wp:attachment":[{"href":"https:\/\/urbanplanty.com\/sl\/wp-json\/wp\/v2\/media?parent=720"}],"wp:term":[{"taxonomy":"product_brand","embeddable":true,"href":"https:\/\/urbanplanty.com\/sl\/wp-json\/wp\/v2\/product_brand?post=720"},{"taxonomy":"product_cat","embeddable":true,"href":"https:\/\/urbanplanty.com\/sl\/wp-json\/wp\/v2\/product_cat?post=720"},{"taxonomy":"product_tag","embeddable":true,"href":"https:\/\/urbanplanty.com\/sl\/wp-json\/wp\/v2\/product_tag?post=720"}],"curies":[{"name":"wp","href":"https:\/\/api.w.org\/{rel}","templated":true}]}}